{"id":19,"date":"2016-07-03T19:31:57","date_gmt":"2016-07-03T19:31:57","guid":{"rendered":"http:\/\/localhost:8081\/wordpress_mplati\/?page_id=19"},"modified":"2020-04-21T08:20:14","modified_gmt":"2020-04-21T08:20:14","slug":"front-page","status":"publish","type":"page","link":"https:\/\/mplati.hr\/cms\/","title":{"rendered":"Po\u010detna"},"content":{"rendered":"<div id=\"pl-19\"  class=\"panel-layout\" ><div id=\"pg-19-0\"  class=\"panel-grid panel-has-style\" ><div class=\"siteorigin-panels-stretch panel-row-style panel-row-style-for-19-0\" style=\"padding: 100px 0; \" data-stretch-type=\"full\" data-overlay=\"true\" ><div id=\"pgc-19-0-0\"  class=\"panel-grid-cell\" ><div id=\"panel-19-0-0-0\" class=\"so-panel widget widget_sow-editor panel-first-child\" data-index=\"0\" ><div class=\"about_1_paragraf panel-widget-style panel-widget-style-for-19-0-0-0\" ><div\n\t\t\t\n\t\t\tclass=\"so-widget-sow-editor so-widget-sow-editor-base\"\n\t\t\t\n\t\t>\n<div class=\"siteorigin-widget-tinymce textwidget\">\n\t<p style=\"text-align: center;\">Spajamo na\u0161u tehnolo\u0161ku izvrsnost i va\u0161u poslovnu izvrsnost kako bismo va\u0161im kupcima omogu\u0107ili lak\u0161e pla\u0107anje roba i \u00a0usluga.<\/p>\n<p style=\"text-align: center;\">Mobilno pla\u0107anje je mogu\u0107e omogu\u0107iti za <strong>web shop<\/strong>, <strong>pozivni centar<\/strong>, <strong>fizi\u010dko prodajno mjesto<\/strong> ili <strong>trgova\u010dkog predstavnika na terenu<\/strong>.<\/p>\n<p style=\"text-align: center;\"><strong><span style=\"color: #f05f40; font-size: 20px;\">Ne \u017eelimo mijenjati Va\u0161 poslovni model.\u00a0\u017delimo Vam omogu\u0107iti da poslujete lak\u0161e, br\u017ee i bolje.<\/span><\/strong><\/p>\n<\/div>\n<\/div><\/div><\/div><div id=\"panel-19-0-0-1\" class=\"so-panel widget widget_sydney_services_type_a sydney_services_widget\" data-index=\"1\" ><div class=\"services_about panel-widget-style panel-widget-style-for-19-0-0-1\" >\t\t\t\r\n\t\t\t\t\t\t\t\t\t\t\t\t\t\t\t\t\t\t\t\t\t\t\t\t\t\t\t\t\t<div class=\"service col-md-6\">\r\n\t\t\t\t\t\t\t\t\t\t\t\t\t<div class=\"roll-icon-box\">\r\n\t\t\t\t\t\t\t\t\t\t\t\r\n\t\t\t\t\t\t\t\t\t<div class=\"icon\">\r\n\t\t\t\t\t\t\t\t\t\t\t\t\t\t\t\t\t\t\t\t\t<i class=\"fa fa-cogs\"><\/i>\t\t\t\t\t\t\t\t\t\t\t\t\t\t\t\t\t\t\t<\/div>\r\n\t\t\t\t\t\t\t\t\t\t\t\t\t\t\t\t<div class=\"content\">\r\n\t\t\t\t\t\t\t\t\t<h3>\r\n\t\t\t\t\t\t\t\t\t\t\t\t\t\t\t\t\t\t\t\t\tBenefiti za korisnike\t\t\t\t\t\t\t\t\t\t\t\t\t\t\t\t\t\t\t<\/h3>\r\n\t\t\t\t\t\t\t\t\t\t\t\t\t\t\t\t\t\r\n\t\t\t\t\t\t\t\t\t\t<p>Jednostavnost i brzina pla\u0107anja usluga<br \/>\nuz kontinuiranu podr\u0161ku<\/p>\n\t\t\t\t\t\t\t\t\t\t\t\t\t\t\t\t\t<\/div><!--.info-->\t\r\n\t\t\t\t\t\t\t<\/div>\r\n\t\t\t\t\t\t<\/div>\r\n\t\t\t\t\t\t\t\t\t\t\t\t\t\t\t\t\t\t\t\t\t\t\t\t\t\t\t\t\t<div class=\"service col-md-6\">\r\n\t\t\t\t\t\t\t\t\t\t\t\t\t<div class=\"roll-icon-box\">\r\n\t\t\t\t\t\t\t\t\t\t\t\r\n\t\t\t\t\t\t\t\t\t<div class=\"icon\">\r\n\t\t\t\t\t\t\t\t\t\t\t\t\t\t\t\t\t\t\t\t\t<i class=\"fa fa-line-chart\"><\/i>\t\t\t\t\t\t\t\t\t\t\t\t\t\t\t\t\t\t\t<\/div>\r\n\t\t\t\t\t\t\t\t\t\t\t\t\t\t\t\t<div class=\"content\">\r\n\t\t\t\t\t\t\t\t\t<h3>\r\n\t\t\t\t\t\t\t\t\t\t\t\t\t\t\t\t\t\t\t\t\tBenefiti za partnere\t\t\t\t\t\t\t\t\t\t\t\t\t\t\t\t\t\t\t<\/h3>\r\n\t\t\t\t\t\t\t\t\t\t\t\t\t\t\t\t\t\r\n\t\t\t\t\t\t\t\t\t\t<p>Pove\u0107anje prodaje do 20%<\/p>\n\t\t\t\t\t\t\t\t\t\t\t\t\t\t\t\t\t<\/div><!--.info-->\t\r\n\t\t\t\t\t\t\t<\/div>\r\n\t\t\t\t\t\t<\/div>\r\n\t\t\t\t\t\r\n\t\t\t\t\t\t\t\t\r\n\t<\/div><\/div><div id=\"panel-19-0-0-2\" class=\"so-panel widget widget_sow-editor panel-last-child\" data-index=\"2\" ><div class=\"about_2_paragraf panel-widget-style panel-widget-style-for-19-0-0-2\" ><div\n\t\t\t\n\t\t\tclass=\"so-widget-sow-editor so-widget-sow-editor-base\"\n\t\t\t\n\t\t>\n<div class=\"siteorigin-widget-tinymce textwidget\">\n\t<p style=\"text-align: center;\"><span style=\"color: #f05f40;\"><strong>Mobilno pla\u0107anje je sada\u0161njost - pozicionirajte se prije va\u0161e konkurencije i steknite prednost na tr\u017ei\u0161tu<\/strong><\/span><\/p>\n<\/div>\n<\/div><\/div><\/div><\/div><\/div><\/div><div id=\"pg-19-1\"  class=\"panel-grid panel-has-style\" ><div class=\"siteorigin-panels-stretch panel-row-style panel-row-style-for-19-1\" style=\"padding: 100px 0; \" data-stretch-type=\"full-stretched\" data-overlay=\"true\" ><div id=\"pgc-19-1-0\"  class=\"panel-grid-cell\" ><div id=\"panel-19-1-0-0\" class=\"so-panel widget widget_sydney_portfolio sydney_portfolio_widget panel-first-child panel-last-child\" data-index=\"3\" ><div style=\"text-align: left;\" data-title-color=\"#443f3f\" data-headings-color=\"#443f3f\" class=\"panel-widget-style panel-widget-style-for-19-1-0-0\" ><h3 class=\"widget-title\">Projekti<\/h3><div class=\"project-wrap\"><ul class=\"project-filter\" id=\"filters\"><li><a href=\"#\" data-filter=\"*\">Svi<\/a><\/li><li><a href='#' data-filter='.donacije'>Donacije<\/a><\/li>\n<li><a href='#' data-filter='.samousluzni-aparati'>Samouslu\u017eni aparati<\/a><\/li>\n<li><a href='#' data-filter='.smartica'>Smartica<\/a><\/li>\n<\/ul><div class=\"roll-project fullwidth\"><div class=\"isotope-container\" data-portfolio-effect=\"fadeInUp\"><div class=\"project-item item isotope-item donacije \"><a class=\"project-pop-wrap\" href=\"https:\/\/mplati.hr\/cms\/projects\/donacije\/\"><div class=\"project-pop\"><\/div><div class=\"project-title-wrap\"><div class=\"project-title\"><span>Donacije<\/span><\/div><\/div><\/a><a href=\"https:\/\/mplati.hr\/cms\/projects\/donacije\/\"><img loading=\"lazy\" decoding=\"async\" width=\"480\" height=\"240\" src=\"https:\/\/mplati.hr\/cms\/wp-content\/uploads\/2020\/04\/SOS-Dje\u010dje-selo-Hrvatska-480x240.png\" class=\"attachment-sydney-mas-thumb size-sydney-mas-thumb wp-post-image\" alt=\"\" srcset=\"https:\/\/mplati.hr\/cms\/wp-content\/uploads\/2020\/04\/SOS-Dje\u010dje-selo-Hrvatska-480x240.png 480w, https:\/\/mplati.hr\/cms\/wp-content\/uploads\/2020\/04\/SOS-Dje\u010dje-selo-Hrvatska-300x150.png 300w, https:\/\/mplati.hr\/cms\/wp-content\/uploads\/2020\/04\/SOS-Dje\u010dje-selo-Hrvatska-1024x512.png 1024w, https:\/\/mplati.hr\/cms\/wp-content\/uploads\/2020\/04\/SOS-Dje\u010dje-selo-Hrvatska-768x384.png 768w, https:\/\/mplati.hr\/cms\/wp-content\/uploads\/2020\/04\/SOS-Dje\u010dje-selo-Hrvatska-830x415.png 830w, https:\/\/mplati.hr\/cms\/wp-content\/uploads\/2020\/04\/SOS-Dje\u010dje-selo-Hrvatska-230x115.png 230w, https:\/\/mplati.hr\/cms\/wp-content\/uploads\/2020\/04\/SOS-Dje\u010dje-selo-Hrvatska-350x175.png 350w, https:\/\/mplati.hr\/cms\/wp-content\/uploads\/2020\/04\/SOS-Dje\u010dje-selo-Hrvatska.png 1300w\" sizes=\"auto, (max-width: 480px) 100vw, 480px\" \/><\/a><\/div><div class=\"project-item item isotope-item smartica \"><a class=\"project-pop-wrap\" href=\"https:\/\/mplati.hr\/mplati-smartica\/\"><div class=\"project-pop\"><\/div><div class=\"project-title-wrap\"><div class=\"project-title\"><span>Smartica<\/span><\/div><\/div><\/a><a href=\"https:\/\/mplati.hr\/mplati-smartica\/\"><img loading=\"lazy\" decoding=\"async\" width=\"480\" height=\"300\" src=\"https:\/\/mplati.hr\/cms\/wp-content\/uploads\/2015\/11\/smartica-lifestyle-480x300.jpg\" class=\"attachment-sydney-mas-thumb size-sydney-mas-thumb wp-post-image\" alt=\"\" srcset=\"https:\/\/mplati.hr\/cms\/wp-content\/uploads\/2015\/11\/smartica-lifestyle-480x300.jpg 480w, https:\/\/mplati.hr\/cms\/wp-content\/uploads\/2015\/11\/smartica-lifestyle-300x188.jpg 300w, https:\/\/mplati.hr\/cms\/wp-content\/uploads\/2015\/11\/smartica-lifestyle-768x480.jpg 768w, https:\/\/mplati.hr\/cms\/wp-content\/uploads\/2015\/11\/smartica-lifestyle-1024x640.jpg 1024w, https:\/\/mplati.hr\/cms\/wp-content\/uploads\/2015\/11\/smartica-lifestyle-830x519.jpg 830w, https:\/\/mplati.hr\/cms\/wp-content\/uploads\/2015\/11\/smartica-lifestyle-230x144.jpg 230w, https:\/\/mplati.hr\/cms\/wp-content\/uploads\/2015\/11\/smartica-lifestyle-350x219.jpg 350w, https:\/\/mplati.hr\/cms\/wp-content\/uploads\/2015\/11\/smartica-lifestyle.jpg 1920w\" sizes=\"auto, (max-width: 480px) 100vw, 480px\" \/><\/a><\/div><div class=\"project-item item isotope-item samousluzni-aparati \"><a class=\"project-pop-wrap\" href=\"https:\/\/mplati.hr\/mplati-samousluzni-uredaji\/\"><div class=\"project-pop\"><\/div><div class=\"project-title-wrap\"><div class=\"project-title\"><span>Samouslu\u017eni ure\u0111aji<\/span><\/div><\/div><\/a><a href=\"https:\/\/mplati.hr\/mplati-samousluzni-uredaji\/\"><img loading=\"lazy\" decoding=\"async\" width=\"480\" height=\"300\" src=\"https:\/\/mplati.hr\/cms\/wp-content\/uploads\/2016\/07\/samousluzni_aparat-480x300.jpg\" class=\"attachment-sydney-mas-thumb size-sydney-mas-thumb wp-post-image\" alt=\"\" srcset=\"https:\/\/mplati.hr\/cms\/wp-content\/uploads\/2016\/07\/samousluzni_aparat-480x300.jpg 480w, https:\/\/mplati.hr\/cms\/wp-content\/uploads\/2016\/07\/samousluzni_aparat-300x188.jpg 300w, https:\/\/mplati.hr\/cms\/wp-content\/uploads\/2016\/07\/samousluzni_aparat-768x480.jpg 768w, https:\/\/mplati.hr\/cms\/wp-content\/uploads\/2016\/07\/samousluzni_aparat-1024x640.jpg 1024w, https:\/\/mplati.hr\/cms\/wp-content\/uploads\/2016\/07\/samousluzni_aparat-830x519.jpg 830w, https:\/\/mplati.hr\/cms\/wp-content\/uploads\/2016\/07\/samousluzni_aparat-230x144.jpg 230w, https:\/\/mplati.hr\/cms\/wp-content\/uploads\/2016\/07\/samousluzni_aparat-350x219.jpg 350w, https:\/\/mplati.hr\/cms\/wp-content\/uploads\/2016\/07\/samousluzni_aparat.jpg 1920w\" sizes=\"auto, (max-width: 480px) 100vw, 480px\" \/><\/a><\/div><\/div><\/div><\/div><!-- \/.project-wrap --><\/div><\/div><\/div><\/div><\/div><div id=\"pg-19-2\"  class=\"panel-grid panel-has-style\" ><div class=\"siteorigin-panels-stretch panel-row-style panel-row-style-for-19-2\" style=\"padding: 100px 0; \" data-stretch-type=\"full\" data-overlay=\"true\" ><div id=\"pgc-19-2-0\"  class=\"panel-grid-cell\" ><div id=\"panel-19-2-0-0\" class=\"so-panel widget widget_sow-editor panel-first-child panel-last-child\" data-index=\"4\" ><div class=\"howto_partner panel-widget-style panel-widget-style-for-19-2-0-0\" style=\"text-align: left;\" data-title-color=\"#ffffff\" data-headings-color=\"#ffffff\" ><div\n\t\t\t\n\t\t\tclass=\"so-widget-sow-editor so-widget-sow-editor-base\"\n\t\t\t\n\t\t><h3 class=\"widget-title\">Kako postati na\u0161 partner?<\/h3>\n<div class=\"siteorigin-widget-tinymce textwidget\">\n\t<p><div class=\"eds-animate edsanimate-sis-hidden animate_mplati\" data-eds-entry-animation=\"slideInLeft\" data-eds-entry-delay=\"0\" data-eds-entry-duration=\"1.5\" data-eds-entry-timing=\"linear\" data-eds-exit-animation=\"\" data-eds-exit-delay=\"\" data-eds-exit-duration=\"\" data-eds-exit-timing=\"\" data-eds-repeat-count=\"1\" data-eds-keep=\"yes\" data-eds-animate-on=\"scroll\" data-eds-scroll-offset=\"75\"><i class=\"fa fa-fw fa-caret-right\"><\/i>Ugovorite sastanak sa nama putem web-a<\/div><br \/>\n<div class=\"eds-animate edsanimate-sis-hidden animate_mplati\" data-eds-entry-animation=\"slideInLeft\" data-eds-entry-delay=\"0.5\" data-eds-entry-duration=\"1.5\" data-eds-entry-timing=\"linear\" data-eds-exit-animation=\"\" data-eds-exit-delay=\"\" data-eds-exit-duration=\"\" data-eds-exit-timing=\"\" data-eds-repeat-count=\"1\" data-eds-keep=\"yes\" data-eds-animate-on=\"scroll\" data-eds-scroll-offset=\"75\"><i class=\"fa fa-fw fa-caret-right\"><\/i>Definiramo rje\u0161enje prilago\u0111eno va\u0161im potrebama<\/div><br \/>\n<div class=\"eds-animate edsanimate-sis-hidden animate_mplati\" data-eds-entry-animation=\"slideInLeft\" data-eds-entry-delay=\"1\" data-eds-entry-duration=\"1.5\" data-eds-entry-timing=\"linear\" data-eds-exit-animation=\"\" data-eds-exit-delay=\"\" data-eds-exit-duration=\"\" data-eds-exit-timing=\"\" data-eds-repeat-count=\"1\" data-eds-keep=\"yes\" data-eds-animate-on=\"scroll\" data-eds-scroll-offset=\"75\"><i class=\"fa fa-fw fa-caret-right\"><\/i>Testiramo rje\u0161enje<\/div><br \/>\n<div class=\"eds-animate edsanimate-sis-hidden animate_mplati\" data-eds-entry-animation=\"slideInLeft\" data-eds-entry-delay=\"1.5\" data-eds-entry-duration=\"1.5\" data-eds-entry-timing=\"linear\" data-eds-exit-animation=\"\" data-eds-exit-delay=\"\" data-eds-exit-duration=\"\" data-eds-exit-timing=\"\" data-eds-repeat-count=\"1\" data-eds-keep=\"yes\" data-eds-animate-on=\"scroll\" data-eds-scroll-offset=\"75\"><i class=\"fa fa-fw fa-caret-right\"><\/i>Ponudite va\u0161im klijentima mogu\u0107nost pla\u0107anja mPlati uslugom<\/div><\/p>\n<\/div>\n<\/div><\/div><\/div><\/div><\/div><\/div><div id=\"pg-19-3\"  class=\"panel-grid panel-has-style\" ><div class=\"siteorigin-panels-stretch panel-row-style panel-row-style-for-19-3\" style=\"background-image: url(https:\/\/mplati.hr\/cms\/wp-content\/uploads\/2016\/07\/world_map.jpg);padding: 100px 0; \" data-stretch-type=\"full\" data-hasbg=\"hasbg\" data-overlay=\"true\" ><div id=\"pgc-19-3-0\"  class=\"panel-grid-cell\" ><div id=\"panel-19-3-0-0\" class=\"so-panel widget widget_sow-editor panel-first-child panel-last-child\" data-index=\"5\" ><div class=\"contact panel-widget-style panel-widget-style-for-19-3-0-0\" style=\"text-align: left;\" data-title-color=\"#ffe8e8\" data-headings-color=\"#ffe8e8\" ><div\n\t\t\t\n\t\t\tclass=\"so-widget-sow-editor so-widget-sow-editor-base\"\n\t\t\t\n\t\t><h3 class=\"widget-title\">Kontakt<\/h3>\n<div class=\"siteorigin-widget-tinymce textwidget\">\n\t<p><div class=\"eds-animate edsanimate-sis-hidden \" data-eds-entry-animation=\"fadeIn\" data-eds-entry-delay=\"0\" data-eds-entry-duration=\"1\" data-eds-entry-timing=\"linear\" data-eds-exit-animation=\"\" data-eds-exit-delay=\"\" data-eds-exit-duration=\"\" data-eds-exit-timing=\"\" data-eds-repeat-count=\"1\" data-eds-keep=\"yes\" data-eds-animate-on=\"scroll\" data-eds-scroll-offset=\"75\">\n<div class=\"wpcf7 no-js\" id=\"wpcf7-f124-o1\" lang=\"en-US\" dir=\"ltr\" data-wpcf7-id=\"124\">\n<div class=\"screen-reader-response\"><p role=\"status\" aria-live=\"polite\" aria-atomic=\"true\"><\/p> <ul><\/ul><\/div>\n<form action=\"\/cms\/wp-json\/wp\/v2\/pages\/19#wpcf7-f124-o1\" method=\"post\" class=\"wpcf7-form init\" aria-label=\"Contact form\" novalidate=\"novalidate\" data-status=\"init\">\n<fieldset class=\"hidden-fields-container\"><input type=\"hidden\" name=\"_wpcf7\" value=\"124\" \/><input type=\"hidden\" name=\"_wpcf7_version\" value=\"6.1.5\" \/><input type=\"hidden\" name=\"_wpcf7_locale\" value=\"en_US\" \/><input type=\"hidden\" name=\"_wpcf7_unit_tag\" value=\"wpcf7-f124-o1\" \/><input type=\"hidden\" name=\"_wpcf7_container_post\" value=\"0\" \/><input type=\"hidden\" name=\"_wpcf7_posted_data_hash\" value=\"\" \/><input type=\"hidden\" name=\"_wpcf7_recaptcha_response\" value=\"\" \/>\n<\/fieldset>\n<div class=\"row\">\n\t<div class=\"col-md-4\">\n\t\t<p>Va\u0161e ime i prezime: <sup><i class=\"fa fa-fw fa-asterisk\" aria-hidden=\"true\"><\/i><\/sup>\n\t\t<\/p>\n\t\t<p><span class=\"wpcf7-form-control-wrap\" data-name=\"text-982\"><input size=\"40\" maxlength=\"400\" class=\"wpcf7-form-control wpcf7-text wpcf7-validates-as-required\" id=\"form-control_mplati\" aria-required=\"true\" aria-invalid=\"false\" placeholder=\"Ime i Prezime\" value=\"\" type=\"text\" name=\"text-982\" \/><\/span>\n\t\t<\/p>\n\t<\/div>\n\t<div class=\"col-md-4\">\n\t\t<p>E-mail: <sup><i class=\"fa fa-fw fa-asterisk\" aria-hidden=\"true\"><\/i><\/sup>\n\t\t<\/p>\n\t\t<p><span class=\"wpcf7-form-control-wrap\" data-name=\"email-902\"><input size=\"40\" maxlength=\"400\" class=\"wpcf7-form-control wpcf7-email wpcf7-validates-as-required wpcf7-text wpcf7-validates-as-email form-control_mplati\" aria-required=\"true\" aria-invalid=\"false\" placeholder=\"ime.prezime@example.com\" value=\"\" type=\"email\" name=\"email-902\" \/><\/span>\n\t\t<\/p>\n\t<\/div>\n\t<div class=\"col-md-4\">\n\t\t<p>Naslov:\n\t\t<\/p>\n\t\t<p><span class=\"wpcf7-form-control-wrap\" data-name=\"text-430\"><input size=\"40\" maxlength=\"400\" class=\"wpcf7-form-control wpcf7-text\" aria-invalid=\"false\" value=\"\" type=\"text\" name=\"text-430\" \/><\/span>\n\t\t<\/p>\n\t<\/div>\n<\/div>\n<div class=\"row\">\n\t<div class=\"col-md-12\">\n\t\t<p>Poruka:\n\t\t<\/p>\n\t\t<p><span class=\"wpcf7-form-control-wrap\" data-name=\"textarea-387\"><textarea cols=\"40\" rows=\"10\" maxlength=\"2000\" class=\"wpcf7-form-control wpcf7-textarea form-control_mplati\" aria-invalid=\"false\" name=\"textarea-387\"><\/textarea><\/span>\n\t\t<\/p>\n\t<\/div>\n<\/div>\n<div class=\"row\">\n\t<div class=\"col-md-12\">\n\t\t<p>Potvrdite da se sla\u017eete s Uvjetima kori\u0161tenja:\n\t\t<\/p>\n\t<\/div>\n<\/div>\n<div class=\"row\">\n\t<div class=\"col-lg-12\">\n\t\t<div class=\"scrollOverflow\">\n\t\t\t<div class=\"innerWrap\">\n\t\t\t\t<p>Podatke koje unesete u ovoj formi, Trilix d.o.o. \u0107e koristiti u svrhu kontaktiranja i pru\u017eanja zatra\u017eenih informacija.<br \/>\nVa\u0161e podatke mo\u017eemo dijeliti s drugim tvrtkama unutar Span grupe, kojoj sami pripadamo, jedino s ciljem pru\u017eanja \u0161to to\u010dnije informacije, te ih u druge svrhe ne\u0107emo koristiti.<br \/>\nNakon pru\u017eanja zatra\u017eenih informacija, unesene podatke bri\u0161emo.<br \/>\nZa vi\u0161e detalja o na\u010dinima i rokovima \u010duvanja podataka pro\u010ditajte na\u0161u <a target=\"blank\" href=\"https:\/\/trilix.eu\/politika-zastite-osobnih-podataka\/\">Politiku za\u0161tite osobnih podataka<\/a>.<br \/>\nZa eventualna pitanja u svezi obrade podataka uvijek mo\u017eete kontaktirati <a href=\"mailto:osobni.podaci@trilix.eu\">osobni.podaci@trilix.eu<\/a>.\n\t\t\t\t<\/p>\n\t\t\t<\/div><!--\/.innerWrap-->\n\t\t<\/div><!--\/.scrollOverflow-->\n\t\t<p><span class=\"wpcf7-form-control-wrap\" data-name=\"acceptance-139\"><span class=\"wpcf7-form-control wpcf7-acceptance\"><span class=\"wpcf7-list-item\"><label><input type=\"checkbox\" name=\"acceptance-139\" value=\"1\" aria-invalid=\"false\" \/><span class=\"wpcf7-list-item-label\">Sla\u017eem se s Uvjetima kori\u0161tenja<\/span><\/label><\/span><\/span><\/span>\n\t\t<\/p>\n\t<\/div><!--\/.col-->\n<\/div><!--\/.row-->\n<div class=\"row\">\n\t<div class=\"col-md-12\">\n\t<span class=\"wpcf7-form-control-wrap recaptcha\" data-name=\"recaptcha\"><span data-sitekey=\"6LfSkbAUAAAAAL713xM1y616u1ps9ROWNhh3Cooh\" class=\"wpcf7-form-control wpcf7-recaptcha g-recaptcha\"><\/span>\r\n<noscript>\r\n\t<div class=\"grecaptcha-noscript\">\r\n\t\t<iframe loading=\"lazy\" src=\"https:\/\/www.google.com\/recaptcha\/api\/fallback?k=6LfSkbAUAAAAAL713xM1y616u1ps9ROWNhh3Cooh\" frameborder=\"0\" scrolling=\"no\" width=\"310\" height=\"430\">\r\n\t\t<\/iframe>\r\n\t\t<textarea name=\"g-recaptcha-response\" rows=\"3\" cols=\"40\" placeholder=\"reCaptcha Response Here\">\r\n\t\t<\/textarea>\r\n\t<\/div>\r\n<\/noscript>\r\n<\/span>\n\t\t<p><input class=\"wpcf7-form-control wpcf7-submit has-spinner\" type=\"submit\" value=\"Po\u0161aljite upit\" \/>\n\t\t<\/p>\n\t<\/div>\n<\/div>\n<div class=\"clearfix\">\n<\/div><div class=\"wpcf7-response-output\" aria-hidden=\"true\"><\/div>\n<\/form>\n<\/div>\n<\/div><\/p>\n<p><div class=\"eds-animate edsanimate-sis-hidden \" data-eds-entry-animation=\"slideInUp\" data-eds-entry-delay=\"0.5\" data-eds-entry-duration=\"1\" data-eds-entry-timing=\"linear\" data-eds-exit-animation=\"\" data-eds-exit-delay=\"\" data-eds-exit-duration=\"\" data-eds-exit-timing=\"\" data-eds-repeat-count=\"1\" data-eds-keep=\"yes\" data-eds-animate-on=\"load\" data-eds-scroll-offset=\"\"><span style=\"color: #ffffff;\">Korisni\u010dka podr\u0161ka -<\/span> \u00a0 <i class=\"fa fa-phone fa-phone_call \" ><\/i> \u00a0\u00a0<a href=\"tel:+38516690255\">+385 (0) 1 6690 255<\/a><\/div><\/p>\n<\/div>\n<\/div><\/div><\/div><\/div><\/div><\/div><\/div>","protected":false},"excerpt":{"rendered":"<p>Spajamo na\u0161u tehnolo\u0161ku izvrsnost i va\u0161u poslovnu izvrsnost kako bismo va\u0161im kupcima omogu\u0107ili lak\u0161e pla\u0107anje roba i \u00a0usluga.Mobilno pla\u0107anje je mogu\u0107e omogu\u0107iti [&hellip;]<\/p>\n","protected":false},"author":8,"featured_media":0,"parent":0,"menu_order":0,"comment_status":"closed","ping_status":"closed","template":"page-templates\/page_fullwidth.php","meta":{"footnotes":""},"class_list":["post-19","page","type-page","status-publish","hentry"],"yoast_head":"<!-- This site is optimized with the Yoast SEO plugin v27.2 - https:\/\/yoast.com\/product\/yoast-seo-wordpress\/ -->\n<title>mPlati.hr<\/title>\n<meta name=\"description\" content=\"mPlati - usluga mobilnog pla\u0107anja putem SMS-a, bez gotovine ili POS ure\u0111aja\" \/>\n<meta name=\"robots\" content=\"index, follow, max-snippet:-1, max-image-preview:large, max-video-preview:-1\" \/>\n<link rel=\"canonical\" href=\"https:\/\/mplati.hr\/cms\/\" \/>\n<meta property=\"og:locale\" content=\"en_US\" \/>\n<meta property=\"og:type\" content=\"article\" \/>\n<meta property=\"og:title\" content=\"mPlati.hr\" \/>\n<meta property=\"og:description\" content=\"mPlati - usluga mobilnog pla\u0107anja putem SMS-a, bez gotovine ili POS ure\u0111aja\" \/>\n<meta property=\"og:url\" content=\"https:\/\/mplati.hr\/cms\/\" \/>\n<meta property=\"og:site_name\" content=\"mPlati\" \/>\n<meta property=\"article:modified_time\" content=\"2020-04-21T08:20:14+00:00\" \/>\n<meta name=\"twitter:card\" content=\"summary_large_image\" \/>\n<meta name=\"twitter:label1\" content=\"Est. reading time\" \/>\n\t<meta name=\"twitter:data1\" content=\"2 minutes\" \/>\n<script type=\"application\/ld+json\" class=\"yoast-schema-graph\">{\"@context\":\"https:\/\/schema.org\",\"@graph\":[{\"@type\":\"WebPage\",\"@id\":\"https:\/\/mplati.hr\/cms\/\",\"url\":\"https:\/\/mplati.hr\/cms\/\",\"name\":\"mPlati.hr\",\"isPartOf\":{\"@id\":\"https:\/\/mplati.hr\/cms\/#website\"},\"datePublished\":\"2016-07-03T19:31:57+00:00\",\"dateModified\":\"2020-04-21T08:20:14+00:00\",\"description\":\"mPlati - usluga mobilnog pla\u0107anja putem SMS-a, bez gotovine ili POS ure\u0111aja\",\"breadcrumb\":{\"@id\":\"https:\/\/mplati.hr\/cms\/#breadcrumb\"},\"inLanguage\":\"en-US\",\"potentialAction\":[{\"@type\":\"ReadAction\",\"target\":[\"https:\/\/mplati.hr\/cms\/\"]}]},{\"@type\":\"BreadcrumbList\",\"@id\":\"https:\/\/mplati.hr\/cms\/#breadcrumb\",\"itemListElement\":[{\"@type\":\"ListItem\",\"position\":1,\"name\":\"Po\u010detna stranica\",\"item\":\"https:\/\/mplati.hr\/cms\/\"},{\"@type\":\"ListItem\",\"position\":2,\"name\":\"Po\u010detna\"}]},{\"@type\":\"WebSite\",\"@id\":\"https:\/\/mplati.hr\/cms\/#website\",\"url\":\"https:\/\/mplati.hr\/cms\/\",\"name\":\"mPlati\",\"description\":\"usluga mobilnog pla\u0107anja putem SMS-a\",\"potentialAction\":[{\"@type\":\"SearchAction\",\"target\":{\"@type\":\"EntryPoint\",\"urlTemplate\":\"https:\/\/mplati.hr\/cms\/?s={search_term_string}\"},\"query-input\":{\"@type\":\"PropertyValueSpecification\",\"valueRequired\":true,\"valueName\":\"search_term_string\"}}],\"inLanguage\":\"en-US\"}]}<\/script>\n<!-- \/ Yoast SEO plugin. -->","yoast_head_json":{"title":"mPlati.hr","description":"mPlati - usluga mobilnog pla\u0107anja putem SMS-a, bez gotovine ili POS ure\u0111aja","robots":{"index":"index","follow":"follow","max-snippet":"max-snippet:-1","max-image-preview":"max-image-preview:large","max-video-preview":"max-video-preview:-1"},"canonical":"https:\/\/mplati.hr\/cms\/","og_locale":"en_US","og_type":"article","og_title":"mPlati.hr","og_description":"mPlati - usluga mobilnog pla\u0107anja putem SMS-a, bez gotovine ili POS ure\u0111aja","og_url":"https:\/\/mplati.hr\/cms\/","og_site_name":"mPlati","article_modified_time":"2020-04-21T08:20:14+00:00","twitter_card":"summary_large_image","twitter_misc":{"Est. reading time":"2 minutes"},"schema":{"@context":"https:\/\/schema.org","@graph":[{"@type":"WebPage","@id":"https:\/\/mplati.hr\/cms\/","url":"https:\/\/mplati.hr\/cms\/","name":"mPlati.hr","isPartOf":{"@id":"https:\/\/mplati.hr\/cms\/#website"},"datePublished":"2016-07-03T19:31:57+00:00","dateModified":"2020-04-21T08:20:14+00:00","description":"mPlati - usluga mobilnog pla\u0107anja putem SMS-a, bez gotovine ili POS ure\u0111aja","breadcrumb":{"@id":"https:\/\/mplati.hr\/cms\/#breadcrumb"},"inLanguage":"en-US","potentialAction":[{"@type":"ReadAction","target":["https:\/\/mplati.hr\/cms\/"]}]},{"@type":"BreadcrumbList","@id":"https:\/\/mplati.hr\/cms\/#breadcrumb","itemListElement":[{"@type":"ListItem","position":1,"name":"Po\u010detna stranica","item":"https:\/\/mplati.hr\/cms\/"},{"@type":"ListItem","position":2,"name":"Po\u010detna"}]},{"@type":"WebSite","@id":"https:\/\/mplati.hr\/cms\/#website","url":"https:\/\/mplati.hr\/cms\/","name":"mPlati","description":"usluga mobilnog pla\u0107anja putem SMS-a","potentialAction":[{"@type":"SearchAction","target":{"@type":"EntryPoint","urlTemplate":"https:\/\/mplati.hr\/cms\/?s={search_term_string}"},"query-input":{"@type":"PropertyValueSpecification","valueRequired":true,"valueName":"search_term_string"}}],"inLanguage":"en-US"}]}},"jetpack_sharing_enabled":true,"_links":{"self":[{"href":"https:\/\/mplati.hr\/cms\/wp-json\/wp\/v2\/pages\/19","targetHints":{"allow":["GET"]}}],"collection":[{"href":"https:\/\/mplati.hr\/cms\/wp-json\/wp\/v2\/pages"}],"about":[{"href":"https:\/\/mplati.hr\/cms\/wp-json\/wp\/v2\/types\/page"}],"author":[{"embeddable":true,"href":"https:\/\/mplati.hr\/cms\/wp-json\/wp\/v2\/users\/8"}],"replies":[{"embeddable":true,"href":"https:\/\/mplati.hr\/cms\/wp-json\/wp\/v2\/comments?post=19"}],"version-history":[{"count":1,"href":"https:\/\/mplati.hr\/cms\/wp-json\/wp\/v2\/pages\/19\/revisions"}],"predecessor-version":[{"id":626,"href":"https:\/\/mplati.hr\/cms\/wp-json\/wp\/v2\/pages\/19\/revisions\/626"}],"wp:attachment":[{"href":"https:\/\/mplati.hr\/cms\/wp-json\/wp\/v2\/media?parent=19"}],"curies":[{"name":"wp","href":"https:\/\/api.w.org\/{rel}","templated":true}]}}