{"id":310,"date":"2016-07-07T13:44:47","date_gmt":"2016-07-07T13:44:47","guid":{"rendered":"http:\/\/localhost:8081\/wordpress_mplati\/?page_id=310"},"modified":"2020-04-15T09:31:45","modified_gmt":"2020-04-15T09:31:45","slug":"najcesca-pitanja-samousluzni-uredaji","status":"publish","type":"page","link":"https:\/\/mplati.hr\/cms\/najcesca-pitanja-samousluzni-uredaji\/","title":{"rendered":"Naj\u010de\u0161\u0107a pitanja &#8211; samouslu\u017eni ure\u0111aji"},"content":{"rendered":"<h2>\u010cesta pitanja i odgovori:<\/h2>\n<p><span style=\"color: #033855;\"><strong>1. Kako mogu aktivirati uslugu mPlati ?<\/strong><\/span><\/p>\n<p style=\"padding-left: 30px;\">Ukoliko ste A1 korisnik usluga vam je dostupna bez potrebe za aktivacijom.<\/p>\n<p><span style=\"color: #033855;\"><strong>2. Kako mogu platiti uslugu SMSom na samouslu\u017enom ure\u0111aju?<\/strong><\/span><\/p>\n<p style=\"padding-left: 30px;\">mPlati uslugom mogu se platiti samo samouslu\u017eni ure\u0111aji na kojima je istaknuta oznaka i upute tvrtke partnera. Na svakom samouslu\u017enom ure\u0111aju jasno je istaknuta oznaka koju \u0107ete upisati u sadr\u017eaj SMSa i poslati na broj <strong>705101<\/strong>.<\/p>\n<p style=\"padding-left: 30px;\">Potvrdu u uspje\u0161noj uplati dobiti \u0107ete par sekundi nakon slanja SMS poruke.<\/p>\n<p><span style=\"color: #033855;\"><strong>3. Obavio sam pla\u0107anje putem mPlati usluge. Gdje mogu dobiti potvrdu da je uplata napravljena?<\/strong><\/span><\/p>\n<p style=\"padding-left: 30px;\">Povratna SMS poruka koju \u0107ete dobiti na svoj ure\u0111aj je ujedno i potvrda o uplati. Na njoj se nalazi oznaka samouslu\u017enog ure\u0111aja, upla\u0107eni iznos i jedinstveni broj transakcije.<\/p>\n<p><span style=\"color: #033855;\"><strong>4. Kako se pokre\u0107e samouslu\u017eni ure\u0111aj nakon pla\u0107anja?<\/strong><\/span><\/p>\n<p style=\"padding-left: 30px;\">Nakon \u0161to je SMS poruka poslana u roku nekoliko sekundi samouslu\u017eni ure\u0111aj pokre\u0107e se automatski bez Va\u0161e interakcije.<\/p>\n<p><span style=\"color: #033855;\"><strong>5. Koliki je iznos naknade za obavljenu uplatu mPlati uslugom?<\/strong><\/span><\/p>\n<p style=\"padding-left: 30px;\">Naknada ovisi o mobilnom operateru i ona iznos 0,89 kn (sa PDVom) za A1 korisnike, te 0,75kn (sa PDVom) za korisnike Hrvatskog telekoma, Simpe i Bonbona.<\/p>\n<p><strong>6.\u00a0<span style=\"color: #033855;\">Gdje mogu vidjeti potro\u0161nju ostvarenu mPlati uslugom?<\/span><\/strong><\/p>\n<p style=\"padding-left: 30px;\">Ukoliko ste korisnik bonova, tro\u0161ak ostvaren mPlati uslugom \u0107e umanjiti va\u0161 prepaid ra\u010dun.<\/p>\n<p style=\"padding-left: 30px;\">Ukoliko ste pretplatnik, tro\u0161ak pla\u0107anja \u0107e biti vidljiv na va\u0161em mjese\u010dnom ra\u010dunu mobilnog operatera pod nazivom mPlati.<\/p>\n<p><span style=\"color: #033855;\"><strong>7.\u00a0Poslao sam pogre\u0161nu oznaku samoposlu\u017enog ure\u0111aja u SMS poruci. \u0160to\u00a0\u0107e se dogoditi?<\/strong><\/span><\/p>\n<p style=\"padding-left: 30px;\">Ako je sadr\u017eaj poruke neispravno unesen dobit \u0107ete povratnu SMS poruku a Va\u0161 ra\u010dun ne\u0107e biti tere\u0107en.<\/p>\n<p><a href=\"https:\/\/mplati.hr\/mplati-samousluzni-uredaji\/\"><i class=\"fa fa-long-arrow-left \" ><\/i> Nazad na mPlati za\u00a0samouslu\u017ene ure\u0111aje<\/a><\/p>\n","protected":false},"excerpt":{"rendered":"<p>\u010cesta pitanja i odgovori: 1. Kako mogu aktivirati uslugu mPlati ? Ukoliko ste A1 korisnik usluga vam je dostupna bez potrebe za [&hellip;]<\/p>\n","protected":false},"author":8,"featured_media":0,"parent":0,"menu_order":0,"comment_status":"closed","ping_status":"closed","template":"page-templates\/page_fullwidth.php","meta":{"footnotes":""},"class_list":["post-310","page","type-page","status-publish","hentry"],"yoast_head":"<!-- This site is optimized with the Yoast SEO plugin v27.2 - https:\/\/yoast.com\/product\/yoast-seo-wordpress\/ -->\n<title>Naj\u010de\u0161\u0107a pitanja - samouslu\u017eni ure\u0111aji<\/title>\n<meta name=\"description\" content=\"Naj\u010de\u0161\u0107a pitanja i odgovori \u2013 samouslu\u017eni ure\u0111aji: Kako mogu aktivirati uslugu mPlati? Kako mogu platiti uslugu SMSom na samouslu\u017enom ure\u0111aju...\" \/>\n<meta name=\"robots\" content=\"index, follow, max-snippet:-1, max-image-preview:large, max-video-preview:-1\" \/>\n<link rel=\"canonical\" href=\"https:\/\/mplati.hr\/cms\/najcesca-pitanja-samousluzni-uredaji\/\" \/>\n<meta property=\"og:locale\" content=\"en_US\" \/>\n<meta property=\"og:type\" content=\"article\" \/>\n<meta property=\"og:title\" content=\"Naj\u010de\u0161\u0107a pitanja - samouslu\u017eni ure\u0111aji\" \/>\n<meta property=\"og:description\" content=\"Naj\u010de\u0161\u0107a pitanja i odgovori \u2013 samouslu\u017eni ure\u0111aji: Kako mogu aktivirati uslugu mPlati? Kako mogu platiti uslugu SMSom na samouslu\u017enom ure\u0111aju...\" \/>\n<meta property=\"og:url\" content=\"https:\/\/mplati.hr\/cms\/najcesca-pitanja-samousluzni-uredaji\/\" \/>\n<meta property=\"og:site_name\" content=\"mPlati\" \/>\n<meta property=\"article:modified_time\" content=\"2020-04-15T09:31:45+00:00\" \/>\n<meta name=\"twitter:card\" content=\"summary_large_image\" \/>\n<meta name=\"twitter:label1\" content=\"Est. reading time\" \/>\n\t<meta name=\"twitter:data1\" content=\"1 minute\" \/>\n<script type=\"application\/ld+json\" class=\"yoast-schema-graph\">{\"@context\":\"https:\/\/schema.org\",\"@graph\":[{\"@type\":\"WebPage\",\"@id\":\"https:\/\/mplati.hr\/cms\/najcesca-pitanja-samousluzni-uredaji\/\",\"url\":\"https:\/\/mplati.hr\/cms\/najcesca-pitanja-samousluzni-uredaji\/\",\"name\":\"Naj\u010de\u0161\u0107a pitanja - samouslu\u017eni ure\u0111aji\",\"isPartOf\":{\"@id\":\"https:\/\/mplati.hr\/cms\/#website\"},\"datePublished\":\"2016-07-07T13:44:47+00:00\",\"dateModified\":\"2020-04-15T09:31:45+00:00\",\"description\":\"Naj\u010de\u0161\u0107a pitanja i odgovori \u2013 samouslu\u017eni ure\u0111aji: Kako mogu aktivirati uslugu mPlati? Kako mogu platiti uslugu SMSom na samouslu\u017enom ure\u0111aju...\",\"breadcrumb\":{\"@id\":\"https:\/\/mplati.hr\/cms\/najcesca-pitanja-samousluzni-uredaji\/#breadcrumb\"},\"inLanguage\":\"en-US\",\"potentialAction\":[{\"@type\":\"ReadAction\",\"target\":[\"https:\/\/mplati.hr\/cms\/najcesca-pitanja-samousluzni-uredaji\/\"]}]},{\"@type\":\"BreadcrumbList\",\"@id\":\"https:\/\/mplati.hr\/cms\/najcesca-pitanja-samousluzni-uredaji\/#breadcrumb\",\"itemListElement\":[{\"@type\":\"ListItem\",\"position\":1,\"name\":\"Po\u010detna stranica\",\"item\":\"https:\/\/mplati.hr\/cms\/\"},{\"@type\":\"ListItem\",\"position\":2,\"name\":\"Naj\u010de\u0161\u0107a pitanja &#8211; samouslu\u017eni ure\u0111aji\"}]},{\"@type\":\"WebSite\",\"@id\":\"https:\/\/mplati.hr\/cms\/#website\",\"url\":\"https:\/\/mplati.hr\/cms\/\",\"name\":\"mPlati\",\"description\":\"usluga mobilnog pla\u0107anja putem SMS-a\",\"potentialAction\":[{\"@type\":\"SearchAction\",\"target\":{\"@type\":\"EntryPoint\",\"urlTemplate\":\"https:\/\/mplati.hr\/cms\/?s={search_term_string}\"},\"query-input\":{\"@type\":\"PropertyValueSpecification\",\"valueRequired\":true,\"valueName\":\"search_term_string\"}}],\"inLanguage\":\"en-US\"}]}<\/script>\n<!-- \/ Yoast SEO plugin. -->","yoast_head_json":{"title":"Naj\u010de\u0161\u0107a pitanja - samouslu\u017eni ure\u0111aji","description":"Naj\u010de\u0161\u0107a pitanja i odgovori \u2013 samouslu\u017eni ure\u0111aji: Kako mogu aktivirati uslugu mPlati? Kako mogu platiti uslugu SMSom na samouslu\u017enom ure\u0111aju...","robots":{"index":"index","follow":"follow","max-snippet":"max-snippet:-1","max-image-preview":"max-image-preview:large","max-video-preview":"max-video-preview:-1"},"canonical":"https:\/\/mplati.hr\/cms\/najcesca-pitanja-samousluzni-uredaji\/","og_locale":"en_US","og_type":"article","og_title":"Naj\u010de\u0161\u0107a pitanja - samouslu\u017eni ure\u0111aji","og_description":"Naj\u010de\u0161\u0107a pitanja i odgovori \u2013 samouslu\u017eni ure\u0111aji: Kako mogu aktivirati uslugu mPlati? Kako mogu platiti uslugu SMSom na samouslu\u017enom ure\u0111aju...","og_url":"https:\/\/mplati.hr\/cms\/najcesca-pitanja-samousluzni-uredaji\/","og_site_name":"mPlati","article_modified_time":"2020-04-15T09:31:45+00:00","twitter_card":"summary_large_image","twitter_misc":{"Est. reading time":"1 minute"},"schema":{"@context":"https:\/\/schema.org","@graph":[{"@type":"WebPage","@id":"https:\/\/mplati.hr\/cms\/najcesca-pitanja-samousluzni-uredaji\/","url":"https:\/\/mplati.hr\/cms\/najcesca-pitanja-samousluzni-uredaji\/","name":"Naj\u010de\u0161\u0107a pitanja - samouslu\u017eni ure\u0111aji","isPartOf":{"@id":"https:\/\/mplati.hr\/cms\/#website"},"datePublished":"2016-07-07T13:44:47+00:00","dateModified":"2020-04-15T09:31:45+00:00","description":"Naj\u010de\u0161\u0107a pitanja i odgovori \u2013 samouslu\u017eni ure\u0111aji: Kako mogu aktivirati uslugu mPlati? Kako mogu platiti uslugu SMSom na samouslu\u017enom ure\u0111aju...","breadcrumb":{"@id":"https:\/\/mplati.hr\/cms\/najcesca-pitanja-samousluzni-uredaji\/#breadcrumb"},"inLanguage":"en-US","potentialAction":[{"@type":"ReadAction","target":["https:\/\/mplati.hr\/cms\/najcesca-pitanja-samousluzni-uredaji\/"]}]},{"@type":"BreadcrumbList","@id":"https:\/\/mplati.hr\/cms\/najcesca-pitanja-samousluzni-uredaji\/#breadcrumb","itemListElement":[{"@type":"ListItem","position":1,"name":"Po\u010detna stranica","item":"https:\/\/mplati.hr\/cms\/"},{"@type":"ListItem","position":2,"name":"Naj\u010de\u0161\u0107a pitanja &#8211; samouslu\u017eni ure\u0111aji"}]},{"@type":"WebSite","@id":"https:\/\/mplati.hr\/cms\/#website","url":"https:\/\/mplati.hr\/cms\/","name":"mPlati","description":"usluga mobilnog pla\u0107anja putem SMS-a","potentialAction":[{"@type":"SearchAction","target":{"@type":"EntryPoint","urlTemplate":"https:\/\/mplati.hr\/cms\/?s={search_term_string}"},"query-input":{"@type":"PropertyValueSpecification","valueRequired":true,"valueName":"search_term_string"}}],"inLanguage":"en-US"}]}},"jetpack_sharing_enabled":true,"_links":{"self":[{"href":"https:\/\/mplati.hr\/cms\/wp-json\/wp\/v2\/pages\/310","targetHints":{"allow":["GET"]}}],"collection":[{"href":"https:\/\/mplati.hr\/cms\/wp-json\/wp\/v2\/pages"}],"about":[{"href":"https:\/\/mplati.hr\/cms\/wp-json\/wp\/v2\/types\/page"}],"author":[{"embeddable":true,"href":"https:\/\/mplati.hr\/cms\/wp-json\/wp\/v2\/users\/8"}],"replies":[{"embeddable":true,"href":"https:\/\/mplati.hr\/cms\/wp-json\/wp\/v2\/comments?post=310"}],"version-history":[{"count":0,"href":"https:\/\/mplati.hr\/cms\/wp-json\/wp\/v2\/pages\/310\/revisions"}],"wp:attachment":[{"href":"https:\/\/mplati.hr\/cms\/wp-json\/wp\/v2\/media?parent=310"}],"curies":[{"name":"wp","href":"https:\/\/api.w.org\/{rel}","templated":true}]}}