{"id":391,"date":"2017-10-14T12:26:50","date_gmt":"2017-10-14T12:26:50","guid":{"rendered":"http:\/\/mplati.hr\/?page_id=391"},"modified":"2020-04-15T09:28:04","modified_gmt":"2020-04-15T09:28:04","slug":"uvjeti-koristenja-smartica","status":"publish","type":"page","link":"https:\/\/mplati.hr\/cms\/uvjeti-koristenja-smartica\/","title":{"rendered":"Uvjeti kori\u0161tenja &#8211; Smartica"},"content":{"rendered":"<h2><strong>Uvjeti kori\u0161tenja Trilix d.o.o. (mPlati &#8211; Digitalna prijevozna karta)<\/strong><\/h2>\n<h3 style=\"text-align: center;\"><strong>\u010clanak 1.<\/strong><\/h3>\n<p>&nbsp;<\/p>\n<p><strong>1.1.<\/strong> Usluga mPlati omogu\u0107uje kupnju proizvoda i usluga za ugovorene partnere u Republici Hrvatskoj, a naplata se vr\u0161i preko mobilnog ra\u010duna Telekom operatera.<\/p>\n<p>&nbsp;<\/p>\n<h3 style=\"text-align: center;\"><strong>\u010clanak 2.<\/strong><\/h3>\n<p>&nbsp;<\/p>\n<p><strong>2.1.<\/strong> Na\u010din pla\u0107anja usluge odvija se na sljede\u0107i na\u010din: Korisnik \u0161alje SMS poruku s odgovaraju\u0107om kodom (niz znakova) na kratki broj 705102. Kod, odnosno jedinstvenu oznaku digitalne prijevozne karte, kreira pozadinski sustav posredstvom mobilne aplikacije Smartica.<\/p>\n<p>&nbsp;<\/p>\n<p><strong>2.2.<\/strong> Korisnik prima potvrdu pla\u0107anja u obliku SMS poruke na svoj mobilni telefon s podacima o:<\/p>\n<ul>\n<li>Datumu provo\u0111enja transakcije<\/li>\n<li>Jedinstvenim brojem digitalne karte<\/li>\n<li>Napla\u0107enom iznosu<\/li>\n<li>Ugovornom partneru<\/li>\n<li>Iznosu naknade za pla\u0107anje<\/li>\n<\/ul>\n<p>&nbsp;<\/p>\n<p><strong>2.3.<\/strong> U slu\u010daju da sustav ne zaprimi informaciju o nalogu za pla\u0107anje od strane Korisnika, zahtjev \u0107e biti storniran i transakcija se ne\u0107e provesti niti naplatiti Korisniku o \u010demu \u0107e biti obavije\u0161ten SMS porukom.<\/p>\n<p>&nbsp;<\/p>\n<p><strong>2.4.<\/strong> U slu\u010daju nemogu\u0107nosti provo\u0111enja transakcije iz bilo kojeg drugog razloga, ista \u0107e biti stornirana te Korisniku ne\u0107e biti tere\u0107ena na njegov ra\u010dun o \u010demu \u0107e biti obavije\u0161ten SMS porukom.<\/p>\n<p>&nbsp;<\/p>\n<h3 style=\"text-align: center;\"><strong>\u010clanak 3. Cijene<\/strong><\/h3>\n<p>&nbsp;<\/p>\n<p><strong>3.1.<\/strong> Cijena usluge je utvr\u0111ena cjenikom pojedinog davatelja roba i usluga. Cijena naknade za pla\u0107anje za Korisnike iznosi<\/p>\n<p>-0,69kn (s PDV-om), jednokratno za A1 i Tomato korisnike<\/p>\n<p>-0,75kn (s PDV-om), jednokratno za korisnike Hrvatskog telekoma, Simpe i Bonbona<\/p>\n<p>-0,69kn (s PDV-om), jednokratno za Tele2 pretplatnike a 0,85kn (s PDV-om) jednokratno za korisnike Tele2 bonova<\/p>\n<p>Iznos cijene roba i usluga te naknade za pla\u0107anje teretit \u0107e ra\u010dun Korisnika samo u slu\u010daju uspje\u0161no provedene transakcije.<\/p>\n<p>&nbsp;<\/p>\n<p><strong>Uvjeti se primjenjuju od 15.10.2017. godine.<\/strong><\/p>\n<p><a href=\"https:\/\/mplati.hr\/mplati-smartica\/\"><i class=\"fa fa-long-arrow-left \" ><\/i> Nazad na mPlati Smartica<\/a><\/p>\n","protected":false},"excerpt":{"rendered":"<p>Uvjeti kori\u0161tenja Trilix d.o.o. (mPlati &#8211; Digitalna prijevozna karta) \u010clanak 1. &nbsp; 1.1. Usluga mPlati omogu\u0107uje kupnju proizvoda i usluga za ugovorene [&hellip;]<\/p>\n","protected":false},"author":8,"featured_media":0,"parent":0,"menu_order":0,"comment_status":"closed","ping_status":"closed","template":"page-templates\/page_fullwidth.php","meta":{"footnotes":""},"class_list":["post-391","page","type-page","status-publish","hentry"],"yoast_head":"<!-- This site is optimized with the Yoast SEO plugin v27.2 - https:\/\/yoast.com\/product\/yoast-seo-wordpress\/ -->\n<title>Uvjeti kori\u0161tenja - Smartica<\/title>\n<meta name=\"description\" content=\"Uvjeti kori\u0161tenja Smartice: Usluga mPlati omogu\u0107uje kupnju proizvoda i usluga za ugovorene partnere u Republici Hrvatskoj, a naplata se vr\u0161i preko mobilnog ra\u010duna Telekom operatera.\" \/>\n<meta name=\"robots\" content=\"index, follow, max-snippet:-1, max-image-preview:large, max-video-preview:-1\" \/>\n<link rel=\"canonical\" href=\"https:\/\/mplati.hr\/cms\/uvjeti-koristenja-smartica\/\" \/>\n<meta property=\"og:locale\" content=\"en_US\" \/>\n<meta property=\"og:type\" content=\"article\" \/>\n<meta property=\"og:title\" content=\"Uvjeti kori\u0161tenja - Smartica\" \/>\n<meta property=\"og:description\" content=\"Uvjeti kori\u0161tenja Smartice: Usluga mPlati omogu\u0107uje kupnju proizvoda i usluga za ugovorene partnere u Republici Hrvatskoj, a naplata se vr\u0161i preko mobilnog ra\u010duna Telekom operatera.\" \/>\n<meta property=\"og:url\" content=\"https:\/\/mplati.hr\/cms\/uvjeti-koristenja-smartica\/\" \/>\n<meta property=\"og:site_name\" content=\"mPlati\" \/>\n<meta property=\"article:modified_time\" content=\"2020-04-15T09:28:04+00:00\" \/>\n<meta name=\"twitter:card\" content=\"summary_large_image\" \/>\n<meta name=\"twitter:label1\" content=\"Est. reading time\" \/>\n\t<meta name=\"twitter:data1\" content=\"1 minute\" \/>\n<script type=\"application\/ld+json\" class=\"yoast-schema-graph\">{\"@context\":\"https:\/\/schema.org\",\"@graph\":[{\"@type\":\"WebPage\",\"@id\":\"https:\/\/mplati.hr\/cms\/uvjeti-koristenja-smartica\/\",\"url\":\"https:\/\/mplati.hr\/cms\/uvjeti-koristenja-smartica\/\",\"name\":\"Uvjeti kori\u0161tenja - Smartica\",\"isPartOf\":{\"@id\":\"https:\/\/mplati.hr\/cms\/#website\"},\"datePublished\":\"2017-10-14T12:26:50+00:00\",\"dateModified\":\"2020-04-15T09:28:04+00:00\",\"description\":\"Uvjeti kori\u0161tenja Smartice: Usluga mPlati omogu\u0107uje kupnju proizvoda i usluga za ugovorene partnere u Republici Hrvatskoj, a naplata se vr\u0161i preko mobilnog ra\u010duna Telekom operatera.\",\"breadcrumb\":{\"@id\":\"https:\/\/mplati.hr\/cms\/uvjeti-koristenja-smartica\/#breadcrumb\"},\"inLanguage\":\"en-US\",\"potentialAction\":[{\"@type\":\"ReadAction\",\"target\":[\"https:\/\/mplati.hr\/cms\/uvjeti-koristenja-smartica\/\"]}]},{\"@type\":\"BreadcrumbList\",\"@id\":\"https:\/\/mplati.hr\/cms\/uvjeti-koristenja-smartica\/#breadcrumb\",\"itemListElement\":[{\"@type\":\"ListItem\",\"position\":1,\"name\":\"Po\u010detna stranica\",\"item\":\"https:\/\/mplati.hr\/cms\/\"},{\"@type\":\"ListItem\",\"position\":2,\"name\":\"Uvjeti kori\u0161tenja &#8211; Smartica\"}]},{\"@type\":\"WebSite\",\"@id\":\"https:\/\/mplati.hr\/cms\/#website\",\"url\":\"https:\/\/mplati.hr\/cms\/\",\"name\":\"mPlati\",\"description\":\"usluga mobilnog pla\u0107anja putem SMS-a\",\"potentialAction\":[{\"@type\":\"SearchAction\",\"target\":{\"@type\":\"EntryPoint\",\"urlTemplate\":\"https:\/\/mplati.hr\/cms\/?s={search_term_string}\"},\"query-input\":{\"@type\":\"PropertyValueSpecification\",\"valueRequired\":true,\"valueName\":\"search_term_string\"}}],\"inLanguage\":\"en-US\"}]}<\/script>\n<!-- \/ Yoast SEO plugin. -->","yoast_head_json":{"title":"Uvjeti kori\u0161tenja - Smartica","description":"Uvjeti kori\u0161tenja Smartice: Usluga mPlati omogu\u0107uje kupnju proizvoda i usluga za ugovorene partnere u Republici Hrvatskoj, a naplata se vr\u0161i preko mobilnog ra\u010duna Telekom operatera.","robots":{"index":"index","follow":"follow","max-snippet":"max-snippet:-1","max-image-preview":"max-image-preview:large","max-video-preview":"max-video-preview:-1"},"canonical":"https:\/\/mplati.hr\/cms\/uvjeti-koristenja-smartica\/","og_locale":"en_US","og_type":"article","og_title":"Uvjeti kori\u0161tenja - Smartica","og_description":"Uvjeti kori\u0161tenja Smartice: Usluga mPlati omogu\u0107uje kupnju proizvoda i usluga za ugovorene partnere u Republici Hrvatskoj, a naplata se vr\u0161i preko mobilnog ra\u010duna Telekom operatera.","og_url":"https:\/\/mplati.hr\/cms\/uvjeti-koristenja-smartica\/","og_site_name":"mPlati","article_modified_time":"2020-04-15T09:28:04+00:00","twitter_card":"summary_large_image","twitter_misc":{"Est. reading time":"1 minute"},"schema":{"@context":"https:\/\/schema.org","@graph":[{"@type":"WebPage","@id":"https:\/\/mplati.hr\/cms\/uvjeti-koristenja-smartica\/","url":"https:\/\/mplati.hr\/cms\/uvjeti-koristenja-smartica\/","name":"Uvjeti kori\u0161tenja - Smartica","isPartOf":{"@id":"https:\/\/mplati.hr\/cms\/#website"},"datePublished":"2017-10-14T12:26:50+00:00","dateModified":"2020-04-15T09:28:04+00:00","description":"Uvjeti kori\u0161tenja Smartice: Usluga mPlati omogu\u0107uje kupnju proizvoda i usluga za ugovorene partnere u Republici Hrvatskoj, a naplata se vr\u0161i preko mobilnog ra\u010duna Telekom operatera.","breadcrumb":{"@id":"https:\/\/mplati.hr\/cms\/uvjeti-koristenja-smartica\/#breadcrumb"},"inLanguage":"en-US","potentialAction":[{"@type":"ReadAction","target":["https:\/\/mplati.hr\/cms\/uvjeti-koristenja-smartica\/"]}]},{"@type":"BreadcrumbList","@id":"https:\/\/mplati.hr\/cms\/uvjeti-koristenja-smartica\/#breadcrumb","itemListElement":[{"@type":"ListItem","position":1,"name":"Po\u010detna stranica","item":"https:\/\/mplati.hr\/cms\/"},{"@type":"ListItem","position":2,"name":"Uvjeti kori\u0161tenja &#8211; Smartica"}]},{"@type":"WebSite","@id":"https:\/\/mplati.hr\/cms\/#website","url":"https:\/\/mplati.hr\/cms\/","name":"mPlati","description":"usluga mobilnog pla\u0107anja putem SMS-a","potentialAction":[{"@type":"SearchAction","target":{"@type":"EntryPoint","urlTemplate":"https:\/\/mplati.hr\/cms\/?s={search_term_string}"},"query-input":{"@type":"PropertyValueSpecification","valueRequired":true,"valueName":"search_term_string"}}],"inLanguage":"en-US"}]}},"jetpack_sharing_enabled":true,"_links":{"self":[{"href":"https:\/\/mplati.hr\/cms\/wp-json\/wp\/v2\/pages\/391","targetHints":{"allow":["GET"]}}],"collection":[{"href":"https:\/\/mplati.hr\/cms\/wp-json\/wp\/v2\/pages"}],"about":[{"href":"https:\/\/mplati.hr\/cms\/wp-json\/wp\/v2\/types\/page"}],"author":[{"embeddable":true,"href":"https:\/\/mplati.hr\/cms\/wp-json\/wp\/v2\/users\/8"}],"replies":[{"embeddable":true,"href":"https:\/\/mplati.hr\/cms\/wp-json\/wp\/v2\/comments?post=391"}],"version-history":[{"count":0,"href":"https:\/\/mplati.hr\/cms\/wp-json\/wp\/v2\/pages\/391\/revisions"}],"wp:attachment":[{"href":"https:\/\/mplati.hr\/cms\/wp-json\/wp\/v2\/media?parent=391"}],"curies":[{"name":"wp","href":"https:\/\/api.w.org\/{rel}","templated":true}]}}