{"id":581,"date":"2020-04-07T10:15:32","date_gmt":"2020-04-07T10:15:32","guid":{"rendered":"https:\/\/mplati.hr\/?page_id=581"},"modified":"2020-04-15T09:32:15","modified_gmt":"2020-04-15T09:32:15","slug":"najcesca-pitanja-donacije","status":"publish","type":"page","link":"https:\/\/mplati.hr\/cms\/najcesca-pitanja-donacije\/","title":{"rendered":"Naj\u010de\u0161\u0107a pitanja &#8211; donacije"},"content":{"rendered":"<h2>\u010cesta pitanja i odgovori:<\/h2>\n<p><span style=\"color: #033855;\"><strong>1. Kako mogu aktivirati uslugu mPlati ?<\/strong><\/span><\/p>\n<p style=\"padding-left: 30px;\">Ukoliko ste A1 korisnik usluga vam je dostupna bez potrebe za aktivacijom.<\/p>\n<p><span style=\"color: #033855;\"><strong>2. Kako mogu donirati SMSom?<\/strong><\/span><\/p>\n<p style=\"padding-left: 30px;\">mPlati uslugom mogu se raditi donacije samo za SOS Dje\u010dje selo Hrvatska. Dovoljno je upisati &#8220;10&#8221; u sadr\u017eaj SMSa i poslati na broj <strong>705103<\/strong>.<\/p>\n<p style=\"padding-left: 30px;\">Potvrdu u uspje\u0161noj donaciji dobiti \u0107ete par sekundi nakon slanja SMS poruke.<\/p>\n<p><span style=\"color: #033855;\"><strong>3. Donirao sam putem mPlati usluge. Gdje mogu dobiti potvrdu da je donacija napravljena?<\/strong><\/span><\/p>\n<p style=\"padding-left: 30px;\">Povratna SMS poruka koju \u0107ete dobiti na svoj ure\u0111aj je ujedno i potvrda o donaciji.<\/p>\n<p><span style=\"color: #033855;\"><strong>4.<\/strong><\/span><strong style=\"color: #033855;\"> Koliki je iznos naknade za obavljenu donaciju mPlati uslugom?<\/strong><\/p>\n<p style=\"padding-left: 30px;\">Naknada ovisi o mobilnom operateru i ona iznos 0,00 kn za korisnike Hrvatskog telekoma, Simpe i Bonbona.<\/p>\n<p><strong>5. <span style=\"color: #033855;\">Gdje mogu vidjeti potro\u0161nju ostvarenu mPlati uslugom?<\/span><\/strong><\/p>\n<p style=\"padding-left: 30px;\">Ukoliko ste korisnik bonova, tro\u0161ak ostvaren mPlati uslugom \u0107e umanjiti va\u0161 prepaid ra\u010dun.<\/p>\n<p style=\"padding-left: 30px;\">Ukoliko ste pretplatnik, tro\u0161ak pla\u0107anja \u0107e biti vidljiv na va\u0161em mjese\u010dnom ra\u010dunu mobilnog operatera pod nazivom mPlati.<\/p>\n<p><span style=\"color: #033855;\"><strong>6. Poslao sam pogre\u0161an iznos za donaciju u SMS poruci. \u0160to \u0107e se dogoditi?<\/strong><\/span><\/p>\n<p style=\"padding-left: 30px;\">Ako je sadr\u017eaj poruke neispravno unesen dobit \u0107ete povratnu SMS poruku a Va\u0161 ra\u010dun ne\u0107e biti tere\u0107en.<\/p>\n<p><span style=\"color: #033855;\"><strong>7. \u017delio bih donirati vi\u0161e od 10 kn. Kako to napraviti?<\/strong><\/span><\/p>\n<p style=\"padding-left: 30px;\">Ukoliko \u017eelite donirati vi\u0161e od 10kn to je mogu\u0107e napraviti slanjem vi\u0161e SMS poruka. Iznos se donira u inkrementima od 10kn pod uvjetom da ste unutar ograni\u010denja propisanih dnevnih i mjese\u010dnih limita od strane va\u0161eg mobilnog operatera.<\/p>\n<p>&nbsp;<\/p>\n<p><a href=\"https:\/\/mplati.hr\/mplati-donacije\/\"><i class=\"fa fa-long-arrow-left \" ><\/i> Nazad na mPlati za donacije<\/a><\/p>\n","protected":false},"excerpt":{"rendered":"<p>\u010cesta pitanja i odgovori: 1. Kako mogu aktivirati uslugu mPlati ? Ukoliko ste A1 korisnik usluga vam je dostupna bez potrebe za [&hellip;]<\/p>\n","protected":false},"author":9,"featured_media":0,"parent":0,"menu_order":0,"comment_status":"closed","ping_status":"closed","template":"page-templates\/page_fullwidth.php","meta":{"footnotes":""},"class_list":["post-581","page","type-page","status-publish","hentry"],"yoast_head":"<!-- This site is optimized with the Yoast SEO plugin v27.2 - https:\/\/yoast.com\/product\/yoast-seo-wordpress\/ -->\n<title>Naj\u010de\u0161\u0107a pitanja - donacije - mPlati<\/title>\n<meta name=\"robots\" content=\"index, follow, max-snippet:-1, max-image-preview:large, max-video-preview:-1\" \/>\n<link rel=\"canonical\" href=\"https:\/\/mplati.hr\/cms\/najcesca-pitanja-donacije\/\" \/>\n<meta property=\"og:locale\" content=\"en_US\" \/>\n<meta property=\"og:type\" content=\"article\" \/>\n<meta property=\"og:title\" content=\"Naj\u010de\u0161\u0107a pitanja - donacije - mPlati\" \/>\n<meta property=\"og:description\" content=\"\u010cesta pitanja i odgovori: 1. Kako mogu aktivirati uslugu mPlati ? Ukoliko ste A1 korisnik usluga vam je dostupna bez potrebe za [&hellip;]\" \/>\n<meta property=\"og:url\" content=\"https:\/\/mplati.hr\/cms\/najcesca-pitanja-donacije\/\" \/>\n<meta property=\"og:site_name\" content=\"mPlati\" \/>\n<meta property=\"article:modified_time\" content=\"2020-04-15T09:32:15+00:00\" \/>\n<meta name=\"twitter:card\" content=\"summary_large_image\" \/>\n<meta name=\"twitter:label1\" content=\"Est. reading time\" \/>\n\t<meta name=\"twitter:data1\" content=\"1 minute\" \/>\n<script type=\"application\/ld+json\" class=\"yoast-schema-graph\">{\"@context\":\"https:\/\/schema.org\",\"@graph\":[{\"@type\":\"WebPage\",\"@id\":\"https:\/\/mplati.hr\/cms\/najcesca-pitanja-donacije\/\",\"url\":\"https:\/\/mplati.hr\/cms\/najcesca-pitanja-donacije\/\",\"name\":\"Naj\u010de\u0161\u0107a pitanja - donacije - mPlati\",\"isPartOf\":{\"@id\":\"https:\/\/mplati.hr\/cms\/#website\"},\"datePublished\":\"2020-04-07T10:15:32+00:00\",\"dateModified\":\"2020-04-15T09:32:15+00:00\",\"breadcrumb\":{\"@id\":\"https:\/\/mplati.hr\/cms\/najcesca-pitanja-donacije\/#breadcrumb\"},\"inLanguage\":\"en-US\",\"potentialAction\":[{\"@type\":\"ReadAction\",\"target\":[\"https:\/\/mplati.hr\/cms\/najcesca-pitanja-donacije\/\"]}]},{\"@type\":\"BreadcrumbList\",\"@id\":\"https:\/\/mplati.hr\/cms\/najcesca-pitanja-donacije\/#breadcrumb\",\"itemListElement\":[{\"@type\":\"ListItem\",\"position\":1,\"name\":\"Po\u010detna stranica\",\"item\":\"https:\/\/mplati.hr\/cms\/\"},{\"@type\":\"ListItem\",\"position\":2,\"name\":\"Naj\u010de\u0161\u0107a pitanja &#8211; donacije\"}]},{\"@type\":\"WebSite\",\"@id\":\"https:\/\/mplati.hr\/cms\/#website\",\"url\":\"https:\/\/mplati.hr\/cms\/\",\"name\":\"mPlati\",\"description\":\"usluga mobilnog pla\u0107anja putem SMS-a\",\"potentialAction\":[{\"@type\":\"SearchAction\",\"target\":{\"@type\":\"EntryPoint\",\"urlTemplate\":\"https:\/\/mplati.hr\/cms\/?s={search_term_string}\"},\"query-input\":{\"@type\":\"PropertyValueSpecification\",\"valueRequired\":true,\"valueName\":\"search_term_string\"}}],\"inLanguage\":\"en-US\"}]}<\/script>\n<!-- \/ Yoast SEO plugin. -->","yoast_head_json":{"title":"Naj\u010de\u0161\u0107a pitanja - donacije - mPlati","robots":{"index":"index","follow":"follow","max-snippet":"max-snippet:-1","max-image-preview":"max-image-preview:large","max-video-preview":"max-video-preview:-1"},"canonical":"https:\/\/mplati.hr\/cms\/najcesca-pitanja-donacije\/","og_locale":"en_US","og_type":"article","og_title":"Naj\u010de\u0161\u0107a pitanja - donacije - mPlati","og_description":"\u010cesta pitanja i odgovori: 1. Kako mogu aktivirati uslugu mPlati ? Ukoliko ste A1 korisnik usluga vam je dostupna bez potrebe za [&hellip;]","og_url":"https:\/\/mplati.hr\/cms\/najcesca-pitanja-donacije\/","og_site_name":"mPlati","article_modified_time":"2020-04-15T09:32:15+00:00","twitter_card":"summary_large_image","twitter_misc":{"Est. reading time":"1 minute"},"schema":{"@context":"https:\/\/schema.org","@graph":[{"@type":"WebPage","@id":"https:\/\/mplati.hr\/cms\/najcesca-pitanja-donacije\/","url":"https:\/\/mplati.hr\/cms\/najcesca-pitanja-donacije\/","name":"Naj\u010de\u0161\u0107a pitanja - donacije - mPlati","isPartOf":{"@id":"https:\/\/mplati.hr\/cms\/#website"},"datePublished":"2020-04-07T10:15:32+00:00","dateModified":"2020-04-15T09:32:15+00:00","breadcrumb":{"@id":"https:\/\/mplati.hr\/cms\/najcesca-pitanja-donacije\/#breadcrumb"},"inLanguage":"en-US","potentialAction":[{"@type":"ReadAction","target":["https:\/\/mplati.hr\/cms\/najcesca-pitanja-donacije\/"]}]},{"@type":"BreadcrumbList","@id":"https:\/\/mplati.hr\/cms\/najcesca-pitanja-donacije\/#breadcrumb","itemListElement":[{"@type":"ListItem","position":1,"name":"Po\u010detna stranica","item":"https:\/\/mplati.hr\/cms\/"},{"@type":"ListItem","position":2,"name":"Naj\u010de\u0161\u0107a pitanja &#8211; donacije"}]},{"@type":"WebSite","@id":"https:\/\/mplati.hr\/cms\/#website","url":"https:\/\/mplati.hr\/cms\/","name":"mPlati","description":"usluga mobilnog pla\u0107anja putem SMS-a","potentialAction":[{"@type":"SearchAction","target":{"@type":"EntryPoint","urlTemplate":"https:\/\/mplati.hr\/cms\/?s={search_term_string}"},"query-input":{"@type":"PropertyValueSpecification","valueRequired":true,"valueName":"search_term_string"}}],"inLanguage":"en-US"}]}},"jetpack_sharing_enabled":true,"_links":{"self":[{"href":"https:\/\/mplati.hr\/cms\/wp-json\/wp\/v2\/pages\/581","targetHints":{"allow":["GET"]}}],"collection":[{"href":"https:\/\/mplati.hr\/cms\/wp-json\/wp\/v2\/pages"}],"about":[{"href":"https:\/\/mplati.hr\/cms\/wp-json\/wp\/v2\/types\/page"}],"author":[{"embeddable":true,"href":"https:\/\/mplati.hr\/cms\/wp-json\/wp\/v2\/users\/9"}],"replies":[{"embeddable":true,"href":"https:\/\/mplati.hr\/cms\/wp-json\/wp\/v2\/comments?post=581"}],"version-history":[{"count":0,"href":"https:\/\/mplati.hr\/cms\/wp-json\/wp\/v2\/pages\/581\/revisions"}],"wp:attachment":[{"href":"https:\/\/mplati.hr\/cms\/wp-json\/wp\/v2\/media?parent=581"}],"curies":[{"name":"wp","href":"https:\/\/api.w.org\/{rel}","templated":true}]}}