{"id":583,"date":"2020-04-07T10:23:25","date_gmt":"2020-04-07T10:23:25","guid":{"rendered":"https:\/\/mplati.hr\/?page_id=583"},"modified":"2020-04-15T09:28:48","modified_gmt":"2020-04-15T09:28:48","slug":"uvjeti-koristenja-donacije","status":"publish","type":"page","link":"https:\/\/mplati.hr\/cms\/uvjeti-koristenja-donacije\/","title":{"rendered":"Uvjeti kori\u0161tenja &#8211; donacije"},"content":{"rendered":"<h2>Uvjeti kori\u0161tenja:<\/h2>\n<h3 style=\"text-align: center;\">\u010clanak 1.<\/h3>\n<p><span style=\"color: #f05f40;\"><strong>1.1.<\/strong><\/span> Usluga mPlati omogu\u0107uje doniranje sredstava za ugovorene partnere u Republici Hrvatskoj, a naplata se vr\u0161i preko mobilnog ra\u010duna Telekom operatera.<\/p>\n<h3 style=\"text-align: center;\">\u010clanak 2.<\/h3>\n<p><span style=\"color: #f05f40;\"><strong>2.1.<\/strong> <\/span>Na\u010din pla\u0107anja usluge odvija se na sljede\u0107i na\u010din: Korisnik \u0161alje SMS poruku s odgovaraju\u0107om kodom (10 &#8211; \u0161to predstavalja 10,00 kn) na kratki broj <strong>705103<\/strong>.<\/p>\n<p><span style=\"color: #f05f40;\"><strong>2.2<\/strong>.<\/span> Korisnik prima potvrdu o donaciji u obliku SMS poruke na svoj mobilni telefon.<\/p>\n<p><span style=\"color: #f05f40;\"><strong>2.3.<\/strong><\/span> U slu\u010daju da sustav ne zaprimi informaciju o nalogu za doniranje od strane Korisnika, zahtjev \u0107e biti storniran i transakcija se ne\u0107e provesti niti naplatiti Korisniku o \u010demu \u0107e biti obavije\u0161ten SMS porukom.<\/p>\n<p><span style=\"color: #f05f40;\"><strong>2.4.<\/strong> <\/span>U slu\u010daju nemogu\u0107nosti provo\u0111enja transakcije iz bilo kojeg drugog razloga, ista \u0107e biti stornirana te Korisniku ne\u0107e biti tere\u0107ena na njegov ra\u010dun o \u010demu \u0107e biti obavije\u0161ten SMS porukom.<\/p>\n<h3 style=\"text-align: center;\">\u010clanak 3. (Cijene)<\/h3>\n<p>Cijena naknade za pla\u0107anje za Korisnike iznosi:<\/p>\n<ul>\n<li>0,00kn jednokratno za korisnike Hrvatskog telekoma, Simpe i Bonbona<\/li>\n<\/ul>\n<p>Iznos donacije te naknade za pla\u0107anje teretit \u0107e ra\u010dun Korisnika samo u slu\u010daju uspje\u0161no provedene transakcije.<\/p>\n<p><strong>Uvjeti se primjenjuju od 15.04.2020. godine.<\/strong><\/p>\n<p><a href=\"http:\/\/trilix.eu\/\" target=\"_blank\" rel=\"noopener noreferrer\"><img loading=\"lazy\" decoding=\"async\" class=\"size-medium wp-image-282 aligncenter\" src=\"https:\/\/mplati.hr\/cms\/wp-content\/uploads\/2016\/07\/LOGOTIP_trilix-300x97.png\" alt=\"LOGOTIP_trilix\" width=\"300\" height=\"97\" srcset=\"https:\/\/mplati.hr\/cms\/wp-content\/uploads\/2016\/07\/LOGOTIP_trilix-300x97.png 300w, https:\/\/mplati.hr\/cms\/wp-content\/uploads\/2016\/07\/LOGOTIP_trilix-230x75.png 230w, https:\/\/mplati.hr\/cms\/wp-content\/uploads\/2016\/07\/LOGOTIP_trilix-350x113.png 350w, https:\/\/mplati.hr\/cms\/wp-content\/uploads\/2016\/07\/LOGOTIP_trilix.png 441w\" sizes=\"auto, (max-width: 300px) 100vw, 300px\" \/><\/a><\/p>\n<p><a href=\"https:\/\/mplati.hr\/mplati-donacije\/\"><i class=\"fa fa-long-arrow-left \" ><\/i> Nazad na mPlati za donacije<\/a><\/p>\n","protected":false},"excerpt":{"rendered":"<p>Uvjeti kori\u0161tenja: \u010clanak 1. 1.1. Usluga mPlati omogu\u0107uje doniranje sredstava za ugovorene partnere u Republici Hrvatskoj, a naplata se vr\u0161i preko mobilnog [&hellip;]<\/p>\n","protected":false},"author":9,"featured_media":0,"parent":0,"menu_order":0,"comment_status":"closed","ping_status":"closed","template":"page-templates\/page_fullwidth.php","meta":{"footnotes":""},"class_list":["post-583","page","type-page","status-publish","hentry"],"yoast_head":"<!-- This site is optimized with the Yoast SEO plugin v27.2 - https:\/\/yoast.com\/product\/yoast-seo-wordpress\/ -->\n<title>Uvjeti kori\u0161tenja - donacije - mPlati<\/title>\n<meta name=\"robots\" content=\"index, follow, max-snippet:-1, max-image-preview:large, max-video-preview:-1\" \/>\n<link rel=\"canonical\" href=\"https:\/\/mplati.hr\/cms\/uvjeti-koristenja-donacije\/\" \/>\n<meta property=\"og:locale\" content=\"en_US\" \/>\n<meta property=\"og:type\" content=\"article\" \/>\n<meta property=\"og:title\" content=\"Uvjeti kori\u0161tenja - donacije - mPlati\" \/>\n<meta property=\"og:description\" content=\"Uvjeti kori\u0161tenja: \u010clanak 1. 1.1. Usluga mPlati omogu\u0107uje doniranje sredstava za ugovorene partnere u Republici Hrvatskoj, a naplata se vr\u0161i preko mobilnog [&hellip;]\" \/>\n<meta property=\"og:url\" content=\"https:\/\/mplati.hr\/cms\/uvjeti-koristenja-donacije\/\" \/>\n<meta property=\"og:site_name\" content=\"mPlati\" \/>\n<meta property=\"article:modified_time\" content=\"2020-04-15T09:28:48+00:00\" \/>\n<meta property=\"og:image\" content=\"https:\/\/mplati.hr\/cms\/wp-content\/uploads\/2016\/07\/LOGOTIP_trilix-300x97.png\" \/>\n<meta name=\"twitter:card\" content=\"summary_large_image\" \/>\n<meta name=\"twitter:label1\" content=\"Est. reading time\" \/>\n\t<meta name=\"twitter:data1\" content=\"1 minute\" \/>\n<script type=\"application\/ld+json\" class=\"yoast-schema-graph\">{\"@context\":\"https:\/\/schema.org\",\"@graph\":[{\"@type\":\"WebPage\",\"@id\":\"https:\/\/mplati.hr\/cms\/uvjeti-koristenja-donacije\/\",\"url\":\"https:\/\/mplati.hr\/cms\/uvjeti-koristenja-donacije\/\",\"name\":\"Uvjeti kori\u0161tenja - donacije - mPlati\",\"isPartOf\":{\"@id\":\"https:\/\/mplati.hr\/cms\/#website\"},\"primaryImageOfPage\":{\"@id\":\"https:\/\/mplati.hr\/cms\/uvjeti-koristenja-donacije\/#primaryimage\"},\"image\":{\"@id\":\"https:\/\/mplati.hr\/cms\/uvjeti-koristenja-donacije\/#primaryimage\"},\"thumbnailUrl\":\"https:\/\/mplati.hr\/cms\/wp-content\/uploads\/2016\/07\/LOGOTIP_trilix-300x97.png\",\"datePublished\":\"2020-04-07T10:23:25+00:00\",\"dateModified\":\"2020-04-15T09:28:48+00:00\",\"breadcrumb\":{\"@id\":\"https:\/\/mplati.hr\/cms\/uvjeti-koristenja-donacije\/#breadcrumb\"},\"inLanguage\":\"en-US\",\"potentialAction\":[{\"@type\":\"ReadAction\",\"target\":[\"https:\/\/mplati.hr\/cms\/uvjeti-koristenja-donacije\/\"]}]},{\"@type\":\"ImageObject\",\"inLanguage\":\"en-US\",\"@id\":\"https:\/\/mplati.hr\/cms\/uvjeti-koristenja-donacije\/#primaryimage\",\"url\":\"https:\/\/mplati.hr\/cms\/wp-content\/uploads\/2016\/07\/LOGOTIP_trilix.png\",\"contentUrl\":\"https:\/\/mplati.hr\/cms\/wp-content\/uploads\/2016\/07\/LOGOTIP_trilix.png\",\"width\":441,\"height\":143},{\"@type\":\"BreadcrumbList\",\"@id\":\"https:\/\/mplati.hr\/cms\/uvjeti-koristenja-donacije\/#breadcrumb\",\"itemListElement\":[{\"@type\":\"ListItem\",\"position\":1,\"name\":\"Po\u010detna stranica\",\"item\":\"https:\/\/mplati.hr\/cms\/\"},{\"@type\":\"ListItem\",\"position\":2,\"name\":\"Uvjeti kori\u0161tenja &#8211; donacije\"}]},{\"@type\":\"WebSite\",\"@id\":\"https:\/\/mplati.hr\/cms\/#website\",\"url\":\"https:\/\/mplati.hr\/cms\/\",\"name\":\"mPlati\",\"description\":\"usluga mobilnog pla\u0107anja putem SMS-a\",\"potentialAction\":[{\"@type\":\"SearchAction\",\"target\":{\"@type\":\"EntryPoint\",\"urlTemplate\":\"https:\/\/mplati.hr\/cms\/?s={search_term_string}\"},\"query-input\":{\"@type\":\"PropertyValueSpecification\",\"valueRequired\":true,\"valueName\":\"search_term_string\"}}],\"inLanguage\":\"en-US\"}]}<\/script>\n<!-- \/ Yoast SEO plugin. -->","yoast_head_json":{"title":"Uvjeti kori\u0161tenja - donacije - mPlati","robots":{"index":"index","follow":"follow","max-snippet":"max-snippet:-1","max-image-preview":"max-image-preview:large","max-video-preview":"max-video-preview:-1"},"canonical":"https:\/\/mplati.hr\/cms\/uvjeti-koristenja-donacije\/","og_locale":"en_US","og_type":"article","og_title":"Uvjeti kori\u0161tenja - donacije - mPlati","og_description":"Uvjeti kori\u0161tenja: \u010clanak 1. 1.1. Usluga mPlati omogu\u0107uje doniranje sredstava za ugovorene partnere u Republici Hrvatskoj, a naplata se vr\u0161i preko mobilnog [&hellip;]","og_url":"https:\/\/mplati.hr\/cms\/uvjeti-koristenja-donacije\/","og_site_name":"mPlati","article_modified_time":"2020-04-15T09:28:48+00:00","og_image":[{"url":"https:\/\/mplati.hr\/cms\/wp-content\/uploads\/2016\/07\/LOGOTIP_trilix-300x97.png","type":"","width":"","height":""}],"twitter_card":"summary_large_image","twitter_misc":{"Est. reading time":"1 minute"},"schema":{"@context":"https:\/\/schema.org","@graph":[{"@type":"WebPage","@id":"https:\/\/mplati.hr\/cms\/uvjeti-koristenja-donacije\/","url":"https:\/\/mplati.hr\/cms\/uvjeti-koristenja-donacije\/","name":"Uvjeti kori\u0161tenja - donacije - mPlati","isPartOf":{"@id":"https:\/\/mplati.hr\/cms\/#website"},"primaryImageOfPage":{"@id":"https:\/\/mplati.hr\/cms\/uvjeti-koristenja-donacije\/#primaryimage"},"image":{"@id":"https:\/\/mplati.hr\/cms\/uvjeti-koristenja-donacije\/#primaryimage"},"thumbnailUrl":"https:\/\/mplati.hr\/cms\/wp-content\/uploads\/2016\/07\/LOGOTIP_trilix-300x97.png","datePublished":"2020-04-07T10:23:25+00:00","dateModified":"2020-04-15T09:28:48+00:00","breadcrumb":{"@id":"https:\/\/mplati.hr\/cms\/uvjeti-koristenja-donacije\/#breadcrumb"},"inLanguage":"en-US","potentialAction":[{"@type":"ReadAction","target":["https:\/\/mplati.hr\/cms\/uvjeti-koristenja-donacije\/"]}]},{"@type":"ImageObject","inLanguage":"en-US","@id":"https:\/\/mplati.hr\/cms\/uvjeti-koristenja-donacije\/#primaryimage","url":"https:\/\/mplati.hr\/cms\/wp-content\/uploads\/2016\/07\/LOGOTIP_trilix.png","contentUrl":"https:\/\/mplati.hr\/cms\/wp-content\/uploads\/2016\/07\/LOGOTIP_trilix.png","width":441,"height":143},{"@type":"BreadcrumbList","@id":"https:\/\/mplati.hr\/cms\/uvjeti-koristenja-donacije\/#breadcrumb","itemListElement":[{"@type":"ListItem","position":1,"name":"Po\u010detna stranica","item":"https:\/\/mplati.hr\/cms\/"},{"@type":"ListItem","position":2,"name":"Uvjeti kori\u0161tenja &#8211; donacije"}]},{"@type":"WebSite","@id":"https:\/\/mplati.hr\/cms\/#website","url":"https:\/\/mplati.hr\/cms\/","name":"mPlati","description":"usluga mobilnog pla\u0107anja putem SMS-a","potentialAction":[{"@type":"SearchAction","target":{"@type":"EntryPoint","urlTemplate":"https:\/\/mplati.hr\/cms\/?s={search_term_string}"},"query-input":{"@type":"PropertyValueSpecification","valueRequired":true,"valueName":"search_term_string"}}],"inLanguage":"en-US"}]}},"jetpack_sharing_enabled":true,"_links":{"self":[{"href":"https:\/\/mplati.hr\/cms\/wp-json\/wp\/v2\/pages\/583","targetHints":{"allow":["GET"]}}],"collection":[{"href":"https:\/\/mplati.hr\/cms\/wp-json\/wp\/v2\/pages"}],"about":[{"href":"https:\/\/mplati.hr\/cms\/wp-json\/wp\/v2\/types\/page"}],"author":[{"embeddable":true,"href":"https:\/\/mplati.hr\/cms\/wp-json\/wp\/v2\/users\/9"}],"replies":[{"embeddable":true,"href":"https:\/\/mplati.hr\/cms\/wp-json\/wp\/v2\/comments?post=583"}],"version-history":[{"count":0,"href":"https:\/\/mplati.hr\/cms\/wp-json\/wp\/v2\/pages\/583\/revisions"}],"wp:attachment":[{"href":"https:\/\/mplati.hr\/cms\/wp-json\/wp\/v2\/media?parent=583"}],"curies":[{"name":"wp","href":"https:\/\/api.w.org\/{rel}","templated":true}]}}