{"id":9,"date":"2016-07-01T14:13:37","date_gmt":"2016-07-01T14:13:37","guid":{"rendered":"http:\/\/localhost:8081\/wordpress_mplati\/?page_id=9"},"modified":"2018-10-11T08:08:45","modified_gmt":"2018-10-11T08:08:45","slug":"mplati-samousluzni-uredaji","status":"publish","type":"page","link":"https:\/\/mplati.hr\/cms\/mplati-samousluzni-uredaji\/","title":{"rendered":"mPlati &#8211; samouslu\u017eni ure\u0111aji"},"content":{"rendered":"<div id=\"pl-9\"  class=\"panel-layout\" ><div id=\"pg-9-0\"  class=\"panel-grid panel-has-style\" ><div class=\"siteorigin-panels-stretch panel-row-style panel-row-style-for-9-0\" style=\"padding: 100px 0; \" data-stretch-type=\"full-stretched\" data-overlay=\"true\" ><div id=\"pgc-9-0-0\"  class=\"panel-grid-cell\" ><div id=\"panel-9-0-0-0\" class=\"so-panel widget widget_sydney_services_type_a sydney_services_widget panel-first-child panel-last-child\" data-index=\"0\" >\t\t\t<h3 class=\"widget-title\">mplati samouslu\u017eni aparati u praksi<\/h3>\r\n\t\t\t\t\t\t\t\t\t\t\t\t\t\t\t\t\t\t\t\t\t\t\t\t\t\t\t\t\t<div class=\"service col-md-6\">\r\n\t\t\t\t\t\t\t\t\t\t\t\t\t<div class=\"roll-icon-box\">\r\n\t\t\t\t\t\t\t\t\t\t\t\t\t\t\t\t<div class=\"content\">\r\n\t\t\t\t\t\t\t\t\t<h3>\r\n\t\t\t\t\t\t\t\t\t\t\t\t\t\t\t\t\t\t\t\t\t1.\t\t\t\t\t\t\t\t\t\t\t\t\t\t\t\t\t\t\t<\/h3>\r\n\t\t\t\t\t\t\t\t\t\t\t\t\t\t\t\t\t\r\n\t\t\t\t\t\t\t\t\t\t<p>&nbsp;<\/p>\n<p><img loading=\"lazy\" decoding=\"async\" class=\" wp-image-260 alignleft\" src=\"https:\/\/mplati.hr\/cms\/wp-content\/uploads\/2016\/07\/send_txt_mplati3.png\" alt=\"send_txt_mplati3\" width=\"524\" height=\"355\" srcset=\"https:\/\/mplati.hr\/cms\/wp-content\/uploads\/2016\/07\/send_txt_mplati3.png 738w, https:\/\/mplati.hr\/cms\/wp-content\/uploads\/2016\/07\/send_txt_mplati3-300x203.png 300w, https:\/\/mplati.hr\/cms\/wp-content\/uploads\/2016\/07\/send_txt_mplati3-480x325.png 480w, https:\/\/mplati.hr\/cms\/wp-content\/uploads\/2016\/07\/send_txt_mplati3-230x156.png 230w, https:\/\/mplati.hr\/cms\/wp-content\/uploads\/2016\/07\/send_txt_mplati3-350x237.png 350w\" sizes=\"auto, (max-width: 524px) 100vw, 524px\" \/><\/p>\n<p>&nbsp;<\/p>\n<p>&nbsp;<\/p>\n<p>Usluga se koristi slanjem SMS poruke sa va\u0161eg mobilnog ure\u0111aja na kratki broj\u00a0<b>705101 <\/b>i sadr\u017eajem koji predstavlja jedinstveni broj samouslu\u017enog ure\u0111aja (npr\u00a0<strong>1111<\/strong>).<\/p>\n<p>Na svakom ure\u0111aju u sustavu ove usluge jasno je istaknut broj ure\u0111aja na mPlati naljepnici.<\/p>\n\t\t\t\t\t\t\t\t\t\t\t\t\t\t\t\t\t<\/div><!--.info-->\t\r\n\t\t\t\t\t\t\t<\/div>\r\n\t\t\t\t\t\t<\/div>\r\n\t\t\t\t\t\t\t\t\t\t\t\t\t\t\t\t\t\t\t\t\t\t\t\t\t\t\t\t\t<div class=\"service col-md-6\">\r\n\t\t\t\t\t\t\t\t\t\t\t\t\t<div class=\"roll-icon-box\">\r\n\t\t\t\t\t\t\t\t\t\t\t\t\t\t\t\t<div class=\"content\">\r\n\t\t\t\t\t\t\t\t\t<h3>\r\n\t\t\t\t\t\t\t\t\t\t\t\t\t\t\t\t\t\t\t\t\t2.\t\t\t\t\t\t\t\t\t\t\t\t\t\t\t\t\t\t\t<\/h3>\r\n\t\t\t\t\t\t\t\t\t\t\t\t\t\t\t\t\t\r\n\t\t\t\t\t\t\t\t\t\t<p><img loading=\"lazy\" decoding=\"async\" class=\" wp-image-252 alignleft\" src=\"https:\/\/mplati.hr\/cms\/wp-content\/uploads\/2016\/07\/lightning_mplati.png\" alt=\"lightning_mplati\" width=\"568\" height=\"355\" srcset=\"https:\/\/mplati.hr\/cms\/wp-content\/uploads\/2016\/07\/lightning_mplati.png 960w, https:\/\/mplati.hr\/cms\/wp-content\/uploads\/2016\/07\/lightning_mplati-300x188.png 300w, https:\/\/mplati.hr\/cms\/wp-content\/uploads\/2016\/07\/lightning_mplati-768x480.png 768w, https:\/\/mplati.hr\/cms\/wp-content\/uploads\/2016\/07\/lightning_mplati-480x300.png 480w, https:\/\/mplati.hr\/cms\/wp-content\/uploads\/2016\/07\/lightning_mplati-830x519.png 830w, https:\/\/mplati.hr\/cms\/wp-content\/uploads\/2016\/07\/lightning_mplati-230x144.png 230w, https:\/\/mplati.hr\/cms\/wp-content\/uploads\/2016\/07\/lightning_mplati-350x219.png 350w\" sizes=\"auto, (max-width: 568px) 100vw, 568px\" \/><\/p>\n<p>&nbsp;<\/p>\n<p>&nbsp;<\/p>\n<p>Slanjem SMS poruke zabava mo\u017ee po\u010deti!<\/p>\n<p>&nbsp;<\/p>\n<p>Ure\u0111aj se sam pokre\u0107e unutar nekoliko sekundi (najvi\u0161e jedne minute), a korisnik zaprima poruku potvrde o\u00a0pla\u0107anju, sa svim podacima o napla\u0107enom iznosu.<\/p>\n\t\t\t\t\t\t\t\t\t\t\t\t\t\t\t\t\t<\/div><!--.info-->\t\r\n\t\t\t\t\t\t\t<\/div>\r\n\t\t\t\t\t\t<\/div>\r\n\t\t\t\t\t\r\n\t\t\t\t\t\t\t\t\r\n\t<\/div><\/div><\/div><\/div><div id=\"pg-9-1\"  class=\"panel-grid panel-has-style\" ><div class=\"siteorigin-panels-stretch panel-row-style panel-row-style-for-9-1\" style=\"color: #ffffff;background-image: url(https:\/\/mplati.hr\/cms\/wp-content\/uploads\/2016\/07\/shakehands-e1467804346317.jpg);padding: 100px 0; \" data-stretch-type=\"full\" data-hascolor=\"hascolor\" data-hasbg=\"hasbg\" data-overlay=\"true\" ><div id=\"pgc-9-1-0\"  class=\"panel-grid-cell\" ><div id=\"panel-9-1-0-0\" class=\"so-panel widget widget_sydney_clients sydney_clients_widget panel-first-child panel-last-child\" data-index=\"1\" >\r\n\r\n\t\t\t<h3 class=\"widget-title\">Reference<\/h3>\t\t\t\t<div class=\"roll-client\">\r\n\t\t\t\t\t\t\t\t\t\t\t\t\t\t\t\t\t\t\t\t<div class=\"client-item\">\r\n\t\t\t\t\t\t\t\t\t\t\t\t\t\t\t<a target=\"_blank\" href=\"https:\/\/www.eluxio.hr\/\"><img loading=\"lazy\" decoding=\"async\" width=\"350\" height=\"100\" src=\"https:\/\/mplati.hr\/cms\/wp-content\/uploads\/2016\/07\/eluxio_350.jpg\" class=\"attachment-post-thumbnail size-post-thumbnail wp-post-image\" alt=\"\" srcset=\"https:\/\/mplati.hr\/cms\/wp-content\/uploads\/2016\/07\/eluxio_350.jpg 350w, https:\/\/mplati.hr\/cms\/wp-content\/uploads\/2016\/07\/eluxio_350-300x86.jpg 300w, https:\/\/mplati.hr\/cms\/wp-content\/uploads\/2016\/07\/eluxio_350-230x66.jpg 230w\" sizes=\"auto, (max-width: 350px) 100vw, 350px\" \/><\/a>\r\n\t\t\t\t\t\t\t\t\t\t\t\t\t<\/div>\r\n\t\t\t\t\t\t\t\t\t\t\t\t\t<\/div>\t\t\r\n\r\n\t\t\t\t\r\n\r\n\r\n\t<\/div><\/div><\/div><\/div><div id=\"pg-9-2\"  class=\"panel-grid panel-has-style\" ><div class=\"siteorigin-panels-stretch panel-row-style panel-row-style-for-9-2\" style=\"padding: 100px 0; \" data-stretch-type=\"full\" data-overlay=\"true\" ><div id=\"pgc-9-2-0\"  class=\"panel-grid-cell\" ><div id=\"panel-9-2-0-0\" class=\"so-panel widget widget_sydney_clients sydney_clients_widget panel-first-child panel-last-child\" data-index=\"2\" ><div class=\"partners panel-widget-style panel-widget-style-for-9-2-0-0\" >\r\n\r\n\t\t\t<h3 class=\"widget-title\">uslugu mogu koristiti korisnici:<\/h3>\t\t\t\t<div class=\"roll-client\">\r\n\t\t\t\t\t\t\t\t\t\t\t\t\t\t\t\t\t\t\t\t<div class=\"client-item\">\r\n\t\t\t\t\t\t\t\t\t\t\t\t\t\t\t<a target=\"_blank\" href=\"https:\/\/www.tele2.hr\"><img loading=\"lazy\" decoding=\"async\" width=\"216\" height=\"83\" src=\"https:\/\/mplati.hr\/cms\/wp-content\/uploads\/2018\/03\/Tele2.bmp\" class=\"attachment-post-thumbnail size-post-thumbnail wp-post-image\" alt=\"\" \/><\/a>\r\n\t\t\t\t\t\t\t\t\t\t\t\t\t<\/div>\r\n\t\t\t\t\t\t\t\t\t\t\t\t\t\t\t\t\t\t\t\t\t\t\t\t\t<div class=\"client-item\">\r\n\t\t\t\t\t\t\t\t\t\t\t\t\t\t\t<a target=\"_blank\" href=\"https:\/\/www.bonbon.hr\/\"><img loading=\"lazy\" decoding=\"async\" width=\"415\" height=\"414\" src=\"https:\/\/mplati.hr\/cms\/wp-content\/uploads\/2016\/07\/RGB_Logo_BONBON-08.jpg\" class=\"attachment-post-thumbnail size-post-thumbnail wp-post-image\" alt=\"BONBON-08\" srcset=\"https:\/\/mplati.hr\/cms\/wp-content\/uploads\/2016\/07\/RGB_Logo_BONBON-08.jpg 415w, https:\/\/mplati.hr\/cms\/wp-content\/uploads\/2016\/07\/RGB_Logo_BONBON-08-300x300.jpg 300w, https:\/\/mplati.hr\/cms\/wp-content\/uploads\/2016\/07\/RGB_Logo_BONBON-08-150x150.jpg 150w, https:\/\/mplati.hr\/cms\/wp-content\/uploads\/2016\/07\/RGB_Logo_BONBON-08-230x229.jpg 230w, https:\/\/mplati.hr\/cms\/wp-content\/uploads\/2016\/07\/RGB_Logo_BONBON-08-350x349.jpg 350w\" sizes=\"auto, (max-width: 415px) 100vw, 415px\" \/><\/a>\r\n\t\t\t\t\t\t\t\t\t\t\t\t\t<\/div>\r\n\t\t\t\t\t\t\t\t\t\t\t\t\t\t\t\t\t\t\t\t\t\t\t\t\t<div class=\"client-item\">\r\n\t\t\t\t\t\t\t\t\t\t\t\t\t\t\t<a target=\"_blank\" href=\"https:\/\/www.hrvatskitelekom.hr\"><img loading=\"lazy\" decoding=\"async\" width=\"270\" height=\"201\" src=\"https:\/\/mplati.hr\/cms\/wp-content\/uploads\/2016\/07\/T_logo.jpg\" class=\"attachment-post-thumbnail size-post-thumbnail wp-post-image\" alt=\"T_logo\" srcset=\"https:\/\/mplati.hr\/cms\/wp-content\/uploads\/2016\/07\/T_logo.jpg 270w, https:\/\/mplati.hr\/cms\/wp-content\/uploads\/2016\/07\/T_logo-230x171.jpg 230w\" sizes=\"auto, (max-width: 270px) 100vw, 270px\" \/><\/a>\r\n\t\t\t\t\t\t\t\t\t\t\t\t\t<\/div>\r\n\t\t\t\t\t\t\t\t\t\t\t\t\t\t\t\t\t\t\t\t\t\t\t\t\t<div class=\"client-item\">\r\n\t\t\t\t\t\t\t\t\t\t\t\t\t\t\t<a target=\"_blank\" href=\"http:\/\/www.a1.hr\"><img loading=\"lazy\" decoding=\"async\" width=\"1482\" height=\"1482\" src=\"https:\/\/mplati.hr\/cms\/wp-content\/uploads\/2016\/07\/A1_01_08RED_3_L.png\" class=\"attachment-post-thumbnail size-post-thumbnail wp-post-image\" alt=\"a1\" srcset=\"https:\/\/mplati.hr\/cms\/wp-content\/uploads\/2016\/07\/A1_01_08RED_3_L.png 1482w, https:\/\/mplati.hr\/cms\/wp-content\/uploads\/2016\/07\/A1_01_08RED_3_L-150x150.png 150w, https:\/\/mplati.hr\/cms\/wp-content\/uploads\/2016\/07\/A1_01_08RED_3_L-300x300.png 300w, https:\/\/mplati.hr\/cms\/wp-content\/uploads\/2016\/07\/A1_01_08RED_3_L-768x768.png 768w, https:\/\/mplati.hr\/cms\/wp-content\/uploads\/2016\/07\/A1_01_08RED_3_L-1024x1024.png 1024w, https:\/\/mplati.hr\/cms\/wp-content\/uploads\/2016\/07\/A1_01_08RED_3_L-480x480.png 480w, https:\/\/mplati.hr\/cms\/wp-content\/uploads\/2016\/07\/A1_01_08RED_3_L-830x830.png 830w, https:\/\/mplati.hr\/cms\/wp-content\/uploads\/2016\/07\/A1_01_08RED_3_L-230x230.png 230w, https:\/\/mplati.hr\/cms\/wp-content\/uploads\/2016\/07\/A1_01_08RED_3_L-350x350.png 350w\" sizes=\"auto, (max-width: 1482px) 100vw, 1482px\" \/><\/a>\r\n\t\t\t\t\t\t\t\t\t\t\t\t\t<\/div>\r\n\t\t\t\t\t\t\t\t\t\t\t\t\t<\/div>\t\t\r\n\r\n\t\t\t\t\r\n\r\n\r\n\t<\/div><\/div><\/div><\/div><\/div><div id=\"pg-9-3\"  class=\"panel-grid panel-has-style\" ><div class=\"siteorigin-panels-stretch panel-row-style panel-row-style-for-9-3\" style=\"padding: 100px 0; \" data-stretch-type=\"full\" data-overlay=\"true\" ><div id=\"pgc-9-3-0\"  class=\"panel-grid-cell\" ><div id=\"panel-9-3-0-0\" class=\"so-panel widget widget_sydney_action sydney_action_widget panel-first-child panel-last-child\" data-index=\"3\" ><div class=\"faq_conditions panel-widget-style panel-widget-style-for-9-3-0-0\" >        <div class=\"roll-promobox aside-style\">\r\n\t\t\t<div class=\"promo-wrap\">\r\n\t\t\t\t\t\t\t\t<div class=\"promo-content\">\r\n\t\t\t\t\t<h3 class=\"title\">\u010cesta pitanja i  <i class=\"fa fa-fw fa-angle-double-right\" aria-hidden=\"true\"><\/i><\/h3>\r\n\t\t\t\t<\/div>\r\n\t\t\t\t\t\t\t\t<div class=\"promo-controls\">\r\n\t\t\t\t\t<a href=\"https:\/\/mplati.hr\/najcesca-pitanja-samousluzni-uredaji\/\" class=\"roll-button border\">odgovori<\/a>\r\n\t\t\t\t<\/div>\r\n\t\t\t<\/div>\r\n        <\/div>\r\n\t<\/div><\/div><\/div><div id=\"pgc-9-3-1\"  class=\"panel-grid-cell panel-grid-cell-empty\" ><\/div><div id=\"pgc-9-3-2\"  class=\"panel-grid-cell\" ><div id=\"panel-9-3-2-0\" class=\"so-panel widget widget_sydney_action sydney_action_widget panel-first-child panel-last-child\" data-index=\"4\" ><div class=\"faq_conditions panel-widget-style panel-widget-style-for-9-3-2-0\" >        <div class=\"roll-promobox aside-style\">\r\n\t\t\t<div class=\"promo-wrap\">\r\n\t\t\t\t\t\t\t\t<div class=\"promo-content\">\r\n\t\t\t\t\t<h3 class=\"title\">Uvjeti kori\u0161tenja  <i class=\"fa fa-fw fa-angle-double-right\" aria-hidden=\"true\"><\/i><\/h3>\r\n\t\t\t\t<\/div>\r\n\t\t\t\t\t\t\t\t<div class=\"promo-controls\">\r\n\t\t\t\t\t<a href=\"https:\/\/mplati.hr\/uvjeti-koristenja-samousluzni-uredaji\/\" class=\"roll-button border\">pro\u010ditajte<\/a>\r\n\t\t\t\t<\/div>\r\n\t\t\t<\/div>\r\n        <\/div>\r\n\t<\/div><\/div><\/div><\/div><\/div><\/div>","protected":false},"excerpt":{"rendered":"<p>mplati samouslu\u017eni aparati u praksi 1. &nbsp; &nbsp; &nbsp; Usluga se koristi slanjem SMS poruke sa va\u0161eg mobilnog ure\u0111aja na kratki broj\u00a0705101 [&hellip;]<\/p>\n","protected":false},"author":8,"featured_media":0,"parent":0,"menu_order":0,"comment_status":"closed","ping_status":"closed","template":"page-templates\/page_fullwidth.php","meta":{"footnotes":""},"class_list":["post-9","page","type-page","status-publish","hentry"],"yoast_head":"<!-- This site is optimized with the Yoast SEO plugin v27.2 - https:\/\/yoast.com\/product\/yoast-seo-wordpress\/ -->\n<title>mPlati - samouslu\u017eni ure\u0111aji<\/title>\n<meta name=\"description\" content=\"Usluga se koristi slanjem SMS poruke sa va\u0161eg mobilnog ure\u0111aja na kratki broj 705101 i sadr\u017eajem koji predstavlja jedinstveni broj samouslu\u017enog ure\u0111aja (npr 1111).\" \/>\n<meta name=\"robots\" content=\"index, follow, max-snippet:-1, max-image-preview:large, max-video-preview:-1\" \/>\n<link rel=\"canonical\" href=\"https:\/\/mplati.hr\/cms\/mplati-samousluzni-uredaji\/\" \/>\n<meta property=\"og:locale\" content=\"en_US\" \/>\n<meta property=\"og:type\" content=\"article\" \/>\n<meta property=\"og:title\" content=\"mPlati - samouslu\u017eni ure\u0111aji\" \/>\n<meta property=\"og:description\" content=\"Usluga se koristi slanjem SMS poruke sa va\u0161eg mobilnog ure\u0111aja na kratki broj 705101 i sadr\u017eajem koji predstavlja jedinstveni broj samouslu\u017enog ure\u0111aja (npr 1111).\" \/>\n<meta property=\"og:url\" content=\"https:\/\/mplati.hr\/cms\/mplati-samousluzni-uredaji\/\" \/>\n<meta property=\"og:site_name\" content=\"mPlati\" \/>\n<meta property=\"article:modified_time\" content=\"2018-10-11T08:08:45+00:00\" \/>\n<meta name=\"twitter:card\" content=\"summary_large_image\" \/>\n<script type=\"application\/ld+json\" class=\"yoast-schema-graph\">{\"@context\":\"https:\/\/schema.org\",\"@graph\":[{\"@type\":\"WebPage\",\"@id\":\"https:\/\/mplati.hr\/cms\/mplati-samousluzni-uredaji\/\",\"url\":\"https:\/\/mplati.hr\/cms\/mplati-samousluzni-uredaji\/\",\"name\":\"mPlati - samouslu\u017eni ure\u0111aji\",\"isPartOf\":{\"@id\":\"https:\/\/mplati.hr\/cms\/#website\"},\"datePublished\":\"2016-07-01T14:13:37+00:00\",\"dateModified\":\"2018-10-11T08:08:45+00:00\",\"description\":\"Usluga se koristi slanjem SMS poruke sa va\u0161eg mobilnog ure\u0111aja na kratki broj 705101 i sadr\u017eajem koji predstavlja jedinstveni broj samouslu\u017enog ure\u0111aja (npr 1111).\",\"breadcrumb\":{\"@id\":\"https:\/\/mplati.hr\/cms\/mplati-samousluzni-uredaji\/#breadcrumb\"},\"inLanguage\":\"en-US\",\"potentialAction\":[{\"@type\":\"ReadAction\",\"target\":[\"https:\/\/mplati.hr\/cms\/mplati-samousluzni-uredaji\/\"]}]},{\"@type\":\"BreadcrumbList\",\"@id\":\"https:\/\/mplati.hr\/cms\/mplati-samousluzni-uredaji\/#breadcrumb\",\"itemListElement\":[{\"@type\":\"ListItem\",\"position\":1,\"name\":\"Po\u010detna stranica\",\"item\":\"https:\/\/mplati.hr\/cms\/\"},{\"@type\":\"ListItem\",\"position\":2,\"name\":\"mPlati &#8211; samouslu\u017eni ure\u0111aji\"}]},{\"@type\":\"WebSite\",\"@id\":\"https:\/\/mplati.hr\/cms\/#website\",\"url\":\"https:\/\/mplati.hr\/cms\/\",\"name\":\"mPlati\",\"description\":\"usluga mobilnog pla\u0107anja putem SMS-a\",\"potentialAction\":[{\"@type\":\"SearchAction\",\"target\":{\"@type\":\"EntryPoint\",\"urlTemplate\":\"https:\/\/mplati.hr\/cms\/?s={search_term_string}\"},\"query-input\":{\"@type\":\"PropertyValueSpecification\",\"valueRequired\":true,\"valueName\":\"search_term_string\"}}],\"inLanguage\":\"en-US\"}]}<\/script>\n<!-- \/ Yoast SEO plugin. -->","yoast_head_json":{"title":"mPlati - samouslu\u017eni ure\u0111aji","description":"Usluga se koristi slanjem SMS poruke sa va\u0161eg mobilnog ure\u0111aja na kratki broj 705101 i sadr\u017eajem koji predstavlja jedinstveni broj samouslu\u017enog ure\u0111aja (npr 1111).","robots":{"index":"index","follow":"follow","max-snippet":"max-snippet:-1","max-image-preview":"max-image-preview:large","max-video-preview":"max-video-preview:-1"},"canonical":"https:\/\/mplati.hr\/cms\/mplati-samousluzni-uredaji\/","og_locale":"en_US","og_type":"article","og_title":"mPlati - samouslu\u017eni ure\u0111aji","og_description":"Usluga se koristi slanjem SMS poruke sa va\u0161eg mobilnog ure\u0111aja na kratki broj 705101 i sadr\u017eajem koji predstavlja jedinstveni broj samouslu\u017enog ure\u0111aja (npr 1111).","og_url":"https:\/\/mplati.hr\/cms\/mplati-samousluzni-uredaji\/","og_site_name":"mPlati","article_modified_time":"2018-10-11T08:08:45+00:00","twitter_card":"summary_large_image","schema":{"@context":"https:\/\/schema.org","@graph":[{"@type":"WebPage","@id":"https:\/\/mplati.hr\/cms\/mplati-samousluzni-uredaji\/","url":"https:\/\/mplati.hr\/cms\/mplati-samousluzni-uredaji\/","name":"mPlati - samouslu\u017eni ure\u0111aji","isPartOf":{"@id":"https:\/\/mplati.hr\/cms\/#website"},"datePublished":"2016-07-01T14:13:37+00:00","dateModified":"2018-10-11T08:08:45+00:00","description":"Usluga se koristi slanjem SMS poruke sa va\u0161eg mobilnog ure\u0111aja na kratki broj 705101 i sadr\u017eajem koji predstavlja jedinstveni broj samouslu\u017enog ure\u0111aja (npr 1111).","breadcrumb":{"@id":"https:\/\/mplati.hr\/cms\/mplati-samousluzni-uredaji\/#breadcrumb"},"inLanguage":"en-US","potentialAction":[{"@type":"ReadAction","target":["https:\/\/mplati.hr\/cms\/mplati-samousluzni-uredaji\/"]}]},{"@type":"BreadcrumbList","@id":"https:\/\/mplati.hr\/cms\/mplati-samousluzni-uredaji\/#breadcrumb","itemListElement":[{"@type":"ListItem","position":1,"name":"Po\u010detna stranica","item":"https:\/\/mplati.hr\/cms\/"},{"@type":"ListItem","position":2,"name":"mPlati &#8211; samouslu\u017eni ure\u0111aji"}]},{"@type":"WebSite","@id":"https:\/\/mplati.hr\/cms\/#website","url":"https:\/\/mplati.hr\/cms\/","name":"mPlati","description":"usluga mobilnog pla\u0107anja putem SMS-a","potentialAction":[{"@type":"SearchAction","target":{"@type":"EntryPoint","urlTemplate":"https:\/\/mplati.hr\/cms\/?s={search_term_string}"},"query-input":{"@type":"PropertyValueSpecification","valueRequired":true,"valueName":"search_term_string"}}],"inLanguage":"en-US"}]}},"jetpack_sharing_enabled":true,"_links":{"self":[{"href":"https:\/\/mplati.hr\/cms\/wp-json\/wp\/v2\/pages\/9","targetHints":{"allow":["GET"]}}],"collection":[{"href":"https:\/\/mplati.hr\/cms\/wp-json\/wp\/v2\/pages"}],"about":[{"href":"https:\/\/mplati.hr\/cms\/wp-json\/wp\/v2\/types\/page"}],"author":[{"embeddable":true,"href":"https:\/\/mplati.hr\/cms\/wp-json\/wp\/v2\/users\/8"}],"replies":[{"embeddable":true,"href":"https:\/\/mplati.hr\/cms\/wp-json\/wp\/v2\/comments?post=9"}],"version-history":[{"count":0,"href":"https:\/\/mplati.hr\/cms\/wp-json\/wp\/v2\/pages\/9\/revisions"}],"wp:attachment":[{"href":"https:\/\/mplati.hr\/cms\/wp-json\/wp\/v2\/media?parent=9"}],"curies":[{"name":"wp","href":"https:\/\/api.w.org\/{rel}","templated":true}]}}